{"id":3688,"date":"2021-03-25T17:46:35","date_gmt":"2021-03-25T23:46:35","guid":{"rendered":"https:\/\/costacatcruises.com\/staging\/tour-a-isla-tortuga\/"},"modified":"2026-01-14T19:50:58","modified_gmt":"2026-01-15T01:50:58","slug":"tour-isla-tortuga","status":"publish","type":"page","link":"https:\/\/costacatcruises.com\/es\/tour-isla-tortuga\/","title":{"rendered":"Tour a Isla Tortuga"},"content":{"rendered":"\t\t<div data-elementor-type=\"wp-page\" data-elementor-id=\"3688\" class=\"elementor elementor-3688 elementor-2630\" data-elementor-post-type=\"page\">\n\t\t\t\t\t\t<section class=\"elementor-section elementor-top-section elementor-element elementor-element-aa693d3 elementor-section-boxed elementor-section-height-default elementor-section-height-default\" data-id=\"aa693d3\" data-element_type=\"section\" data-e-type=\"section\" data-settings=\"{&quot;background_background&quot;:&quot;classic&quot;}\">\n\t\t\t\t\t\t\t<div class=\"elementor-background-overlay\"><\/div>\n\t\t\t\t\t\t\t<div class=\"elementor-container elementor-column-gap-default\">\n\t\t\t\t\t<div class=\"elementor-column elementor-col-100 elementor-top-column elementor-element elementor-element-f47ce8a\" data-id=\"f47ce8a\" data-element_type=\"column\" data-e-type=\"column\">\n\t\t\t<div class=\"elementor-widget-wrap elementor-element-populated\">\n\t\t\t\t\t\t<div class=\"elementor-element elementor-element-74a5a1d elementor-widget elementor-widget-heading\" data-id=\"74a5a1d\" data-element_type=\"widget\" data-e-type=\"widget\" data-widget_type=\"heading.default\">\n\t\t\t\t<div class=\"elementor-widget-container\">\n\t\t\t\t\t<h2 class=\"elementor-heading-title elementor-size-default\">TOUR PRIVADO<\/h2>\t\t\t\t<\/div>\n\t\t\t\t<\/div>\n\t\t\t\t<div class=\"elementor-element elementor-element-9fdee98 elementor-widget elementor-widget-heading\" data-id=\"9fdee98\" data-element_type=\"widget\" data-e-type=\"widget\" data-widget_type=\"heading.default\">\n\t\t\t\t<div class=\"elementor-widget-container\">\n\t\t\t\t\t<h2 class=\"elementor-heading-title elementor-size-default\">Isla Tortuga<\/h2>\t\t\t\t<\/div>\n\t\t\t\t<\/div>\n\t\t\t\t<section class=\"elementor-section elementor-inner-section elementor-element elementor-element-b06d6d9 elementor-section-boxed elementor-section-height-default elementor-section-height-default\" data-id=\"b06d6d9\" data-element_type=\"section\" data-e-type=\"section\">\n\t\t\t\t\t\t<div class=\"elementor-container elementor-column-gap-default\">\n\t\t\t\t\t<div class=\"elementor-column elementor-col-50 elementor-inner-column elementor-element elementor-element-478f278\" data-id=\"478f278\" data-element_type=\"column\" data-e-type=\"column\" data-settings=\"{&quot;background_background&quot;:&quot;classic&quot;}\">\n\t\t\t<div class=\"elementor-widget-wrap elementor-element-populated\">\n\t\t\t\t\t\t<div class=\"elementor-element elementor-element-dd39ce0 elementor-widget elementor-widget-text-editor\" data-id=\"dd39ce0\" data-element_type=\"widget\" data-e-type=\"widget\" data-widget_type=\"text-editor.default\">\n\t\t\t\t<div class=\"elementor-widget-container\">\n\t\t\t\t\t\t\t\t\t<p><strong>Emb\u00e1rquese en un exclusivo viaje a la isla Tortuga, un cautivador para\u00edso donde le espera la belleza de la naturaleza.<\/strong><\/p>\n<p>Sum\u00e9rjase en las aguas cristalinas, marav\u00edllese con la colorida vida marina mientras practica snorkel y rel\u00e1jese en las inmaculadas playas de arena.<\/p>\n<p>Del\u00e9itese con las bebidas y el almuerzo servidos por nuestra atenta tripulaci\u00f3n en medio del sereno entorno de la isla.<\/p>\n\t\t\t\t\t\t\t\t<\/div>\n\t\t\t\t<\/div>\n\t\t\t\t<div class=\"elementor-element elementor-element-61c4f39 elementor-widget elementor-widget-heading\" data-id=\"61c4f39\" data-element_type=\"widget\" data-e-type=\"widget\" data-widget_type=\"heading.default\">\n\t\t\t\t<div class=\"elementor-widget-container\">\n\t\t\t\t\t<h2 class=\"elementor-heading-title elementor-size-default\">EMBARCACIONES DISPONIBLES<\/h2>\t\t\t\t<\/div>\n\t\t\t\t<\/div>\n\t\t\t\t<div class=\"elementor-element elementor-element-a61ba29 elementor-widget elementor-widget-text-editor\" data-id=\"a61ba29\" data-element_type=\"widget\" data-e-type=\"widget\" data-widget_type=\"text-editor.default\">\n\t\t\t\t<div class=\"elementor-widget-container\">\n\t\t\t\t\t\t\t\t\t<p><strong>COSTA CAT I:<\/strong> M\u00e1ximo 70 personas (<span style=\"color: var( --e-global-color-text );\">Cont\u00e1ctenos para disponibilidad)<\/span><\/p>\n<p><strong>COSTA CAT II:<\/strong> M\u00e1ximo 40 personas<\/p>\n<p><strong>AUTHENTIC:<\/strong> M\u00e1ximo 10 personas<\/p>\n\t\t\t\t\t\t\t\t<\/div>\n\t\t\t\t<\/div>\n\t\t\t\t<div class=\"elementor-element elementor-element-f60a74c elementor-widget elementor-widget-heading\" data-id=\"f60a74c\" data-element_type=\"widget\" data-e-type=\"widget\" data-widget_type=\"heading.default\">\n\t\t\t\t<div class=\"elementor-widget-container\">\n\t\t\t\t\t<h2 class=\"elementor-heading-title elementor-size-default\">Qu\u00e9 traer<\/h2>\t\t\t\t<\/div>\n\t\t\t\t<\/div>\n\t\t\t\t<div class=\"elementor-element elementor-element-60dd9e9 elementor-widget elementor-widget-text-editor\" data-id=\"60dd9e9\" data-element_type=\"widget\" data-e-type=\"widget\" data-widget_type=\"text-editor.default\">\n\t\t\t\t<div class=\"elementor-widget-container\">\n\t\t\t\t\t\t\t\t\t<p>No dude en traer aperitivos a bordo. No se permiten neveras port\u00e1tiles, pero puede consultar si desea llevar sus propias bebidas. No olvide lo esencial, como ba\u00f1ador, toalla, crema solar, sombrero, gafas de sol y c\u00e1mara de fotos. Aunque las propinas para la tripulaci\u00f3n no est\u00e1n incluidas, siempre se agradecen.<\/p>\n\t\t\t\t\t\t\t\t<\/div>\n\t\t\t\t<\/div>\n\t\t\t\t<div class=\"elementor-element elementor-element-f608ddb elementor-widget elementor-widget-gallery\" data-id=\"f608ddb\" data-element_type=\"widget\" data-e-type=\"widget\" data-settings=\"{&quot;columns&quot;:3,&quot;gap&quot;:{&quot;unit&quot;:&quot;px&quot;,&quot;size&quot;:2,&quot;sizes&quot;:[]},&quot;aspect_ratio&quot;:&quot;1:1&quot;,&quot;columns_mobile&quot;:2,&quot;lazyload&quot;:&quot;yes&quot;,&quot;gallery_layout&quot;:&quot;grid&quot;,&quot;columns_tablet&quot;:2,&quot;gap_tablet&quot;:{&quot;unit&quot;:&quot;px&quot;,&quot;size&quot;:10,&quot;sizes&quot;:[]},&quot;gap_mobile&quot;:{&quot;unit&quot;:&quot;px&quot;,&quot;size&quot;:10,&quot;sizes&quot;:[]},&quot;link_to&quot;:&quot;file&quot;,&quot;overlay_background&quot;:&quot;yes&quot;,&quot;content_hover_animation&quot;:&quot;fade-in&quot;}\" data-widget_type=\"gallery.default\">\n\t\t\t\t<div class=\"elementor-widget-container\">\n\t\t\t\t\t\t\t<div class=\"elementor-gallery__container\">\n\t\t\t\t\t\t\t<a class=\"e-gallery-item elementor-gallery-item elementor-animated-content\" href=\"https:\/\/costacatcruises.com\/wp-content\/uploads\/2024\/04\/58.jpg\" data-elementor-open-lightbox=\"yes\" data-elementor-lightbox-slideshow=\"f608ddb\" data-elementor-lightbox-title=\"58\" data-e-action-hash=\"#elementor-action%3Aaction%3Dlightbox%26settings%3DeyJpZCI6NjQ0MywidXJsIjoiaHR0cHM6XC9cL2Nvc3RhY2F0Y3J1aXNlcy5jb21cL3dwLWNvbnRlbnRcL3VwbG9hZHNcLzIwMjRcLzA0XC81OC5qcGciLCJzbGlkZXNob3ciOiJmNjA4ZGRiIn0%3D\">\n\t\t\t\t\t<div class=\"e-gallery-image elementor-gallery-item__image\" data-thumbnail=\"https:\/\/costacatcruises.com\/wp-content\/uploads\/2024\/04\/58-300x200.jpg\" data-width=\"300\" data-height=\"200\" aria-label=\"\" role=\"img\" ><\/div>\n\t\t\t\t\t\t\t\t\t\t\t<div class=\"elementor-gallery-item__overlay\"><\/div>\n\t\t\t\t\t\t\t\t\t\t\t\t\t\t<\/a>\n\t\t\t\t\t\t\t<a class=\"e-gallery-item elementor-gallery-item elementor-animated-content\" href=\"https:\/\/costacatcruises.com\/wp-content\/uploads\/2024\/04\/59.jpg\" data-elementor-open-lightbox=\"yes\" data-elementor-lightbox-slideshow=\"f608ddb\" data-elementor-lightbox-title=\"59\" data-e-action-hash=\"#elementor-action%3Aaction%3Dlightbox%26settings%3DeyJpZCI6NjQ0NSwidXJsIjoiaHR0cHM6XC9cL2Nvc3RhY2F0Y3J1aXNlcy5jb21cL3dwLWNvbnRlbnRcL3VwbG9hZHNcLzIwMjRcLzA0XC81OS5qcGciLCJzbGlkZXNob3ciOiJmNjA4ZGRiIn0%3D\">\n\t\t\t\t\t<div class=\"e-gallery-image elementor-gallery-item__image\" data-thumbnail=\"https:\/\/costacatcruises.com\/wp-content\/uploads\/2024\/04\/59-300x200.jpg\" data-width=\"300\" data-height=\"200\" aria-label=\"\" role=\"img\" ><\/div>\n\t\t\t\t\t\t\t\t\t\t\t<div class=\"elementor-gallery-item__overlay\"><\/div>\n\t\t\t\t\t\t\t\t\t\t\t\t\t\t<\/a>\n\t\t\t\t\t\t\t<a class=\"e-gallery-item elementor-gallery-item elementor-animated-content\" href=\"https:\/\/costacatcruises.com\/wp-content\/uploads\/2024\/04\/60.jpg\" data-elementor-open-lightbox=\"yes\" data-elementor-lightbox-slideshow=\"f608ddb\" data-elementor-lightbox-title=\"60\" data-e-action-hash=\"#elementor-action%3Aaction%3Dlightbox%26settings%3DeyJpZCI6NjQ0NywidXJsIjoiaHR0cHM6XC9cL2Nvc3RhY2F0Y3J1aXNlcy5jb21cL3dwLWNvbnRlbnRcL3VwbG9hZHNcLzIwMjRcLzA0XC82MC5qcGciLCJzbGlkZXNob3ciOiJmNjA4ZGRiIn0%3D\">\n\t\t\t\t\t<div class=\"e-gallery-image elementor-gallery-item__image\" data-thumbnail=\"https:\/\/costacatcruises.com\/wp-content\/uploads\/2024\/04\/60-300x200.jpg\" data-width=\"300\" data-height=\"200\" aria-label=\"\" role=\"img\" ><\/div>\n\t\t\t\t\t\t\t\t\t\t\t<div class=\"elementor-gallery-item__overlay\"><\/div>\n\t\t\t\t\t\t\t\t\t\t\t\t\t\t<\/a>\n\t\t\t\t\t\t\t<a class=\"e-gallery-item elementor-gallery-item elementor-animated-content\" href=\"https:\/\/costacatcruises.com\/wp-content\/uploads\/2024\/04\/61.jpg\" data-elementor-open-lightbox=\"yes\" data-elementor-lightbox-slideshow=\"f608ddb\" data-elementor-lightbox-title=\"61\" data-e-action-hash=\"#elementor-action%3Aaction%3Dlightbox%26settings%3DeyJpZCI6NjQ0OSwidXJsIjoiaHR0cHM6XC9cL2Nvc3RhY2F0Y3J1aXNlcy5jb21cL3dwLWNvbnRlbnRcL3VwbG9hZHNcLzIwMjRcLzA0XC82MS5qcGciLCJzbGlkZXNob3ciOiJmNjA4ZGRiIn0%3D\">\n\t\t\t\t\t<div class=\"e-gallery-image elementor-gallery-item__image\" data-thumbnail=\"https:\/\/costacatcruises.com\/wp-content\/uploads\/2024\/04\/61-300x200.jpg\" data-width=\"300\" data-height=\"200\" aria-label=\"\" role=\"img\" ><\/div>\n\t\t\t\t\t\t\t\t\t\t\t<div class=\"elementor-gallery-item__overlay\"><\/div>\n\t\t\t\t\t\t\t\t\t\t\t\t\t\t<\/a>\n\t\t\t\t\t\t\t<a class=\"e-gallery-item elementor-gallery-item elementor-animated-content\" href=\"https:\/\/costacatcruises.com\/wp-content\/uploads\/2024\/04\/62.jpg\" data-elementor-open-lightbox=\"yes\" data-elementor-lightbox-slideshow=\"f608ddb\" data-elementor-lightbox-title=\"62\" data-e-action-hash=\"#elementor-action%3Aaction%3Dlightbox%26settings%3DeyJpZCI6NjQ1MSwidXJsIjoiaHR0cHM6XC9cL2Nvc3RhY2F0Y3J1aXNlcy5jb21cL3dwLWNvbnRlbnRcL3VwbG9hZHNcLzIwMjRcLzA0XC82Mi5qcGciLCJzbGlkZXNob3ciOiJmNjA4ZGRiIn0%3D\">\n\t\t\t\t\t<div class=\"e-gallery-image elementor-gallery-item__image\" data-thumbnail=\"https:\/\/costacatcruises.com\/wp-content\/uploads\/2024\/04\/62-300x200.jpg\" data-width=\"300\" data-height=\"200\" aria-label=\"\" role=\"img\" ><\/div>\n\t\t\t\t\t\t\t\t\t\t\t<div class=\"elementor-gallery-item__overlay\"><\/div>\n\t\t\t\t\t\t\t\t\t\t\t\t\t\t<\/a>\n\t\t\t\t\t\t\t<a class=\"e-gallery-item elementor-gallery-item elementor-animated-content\" href=\"https:\/\/costacatcruises.com\/wp-content\/uploads\/2024\/04\/63.jpg\" data-elementor-open-lightbox=\"yes\" data-elementor-lightbox-slideshow=\"f608ddb\" data-elementor-lightbox-title=\"63\" data-e-action-hash=\"#elementor-action%3Aaction%3Dlightbox%26settings%3DeyJpZCI6NjQ1MywidXJsIjoiaHR0cHM6XC9cL2Nvc3RhY2F0Y3J1aXNlcy5jb21cL3dwLWNvbnRlbnRcL3VwbG9hZHNcLzIwMjRcLzA0XC82My5qcGciLCJzbGlkZXNob3ciOiJmNjA4ZGRiIn0%3D\">\n\t\t\t\t\t<div class=\"e-gallery-image elementor-gallery-item__image\" data-thumbnail=\"https:\/\/costacatcruises.com\/wp-content\/uploads\/2024\/04\/63-300x200.jpg\" data-width=\"300\" data-height=\"200\" aria-label=\"\" role=\"img\" ><\/div>\n\t\t\t\t\t\t\t\t\t\t\t<div class=\"elementor-gallery-item__overlay\"><\/div>\n\t\t\t\t\t\t\t\t\t\t\t\t\t\t<\/a>\n\t\t\t\t\t<\/div>\n\t\t\t\t\t<\/div>\n\t\t\t\t<\/div>\n\t\t\t\t\t<\/div>\n\t\t<\/div>\n\t\t\t\t<div class=\"elementor-column elementor-col-50 elementor-inner-column elementor-element elementor-element-355460e\" data-id=\"355460e\" data-element_type=\"column\" data-e-type=\"column\" data-settings=\"{&quot;background_background&quot;:&quot;classic&quot;}\">\n\t\t\t<div class=\"elementor-widget-wrap elementor-element-populated\">\n\t\t\t\t\t\t<div class=\"elementor-element elementor-element-7b54aa7 elementor-widget elementor-widget-heading\" data-id=\"7b54aa7\" data-element_type=\"widget\" data-e-type=\"widget\" data-widget_type=\"heading.default\">\n\t\t\t\t<div class=\"elementor-widget-container\">\n\t\t\t\t\t<h2 class=\"elementor-heading-title elementor-size-default\">DETALLES<\/h2>\t\t\t\t<\/div>\n\t\t\t\t<\/div>\n\t\t\t\t<div class=\"elementor-element elementor-element-4d64948 e-n-tabs-mobile elementor-widget elementor-widget-n-tabs\" data-id=\"4d64948\" data-element_type=\"widget\" data-e-type=\"widget\" data-settings=\"{&quot;tabs_justify_horizontal&quot;:&quot;center&quot;,&quot;horizontal_scroll&quot;:&quot;disable&quot;}\" data-widget_type=\"nested-tabs.default\">\n\t\t\t\t<div class=\"elementor-widget-container\">\n\t\t\t\t\t\t\t<div class=\"e-n-tabs\" data-widget-number=\"81152328\" aria-label=\"Pesta\u00f1as. Abre elementos con Intro o Espacio, ci\u00e9rralos con Escape y navega con las fechas.\">\n\t\t\t<div class=\"e-n-tabs-heading\" role=\"tablist\">\n\t\t\t\t\t<button id=\"e-n-tab-title-811523281\" data-tab-title-id=\"e-n-tab-title-811523281\" class=\"e-n-tab-title\" aria-selected=\"true\" data-tab-index=\"1\" role=\"tab\" tabindex=\"0\" aria-controls=\"e-n-tab-content-811523281\" style=\"--n-tabs-title-order: 1;\">\n\t\t\t\t\t\t<span class=\"e-n-tab-title-text\">\n\t\t\t\tAUTHENTIC\t\t\t<\/span>\n\t\t<\/button>\n\t\t\t\t<button id=\"e-n-tab-title-811523282\" data-tab-title-id=\"e-n-tab-title-811523282\" class=\"e-n-tab-title\" aria-selected=\"false\" data-tab-index=\"2\" role=\"tab\" tabindex=\"-1\" aria-controls=\"e-n-tab-content-811523282\" style=\"--n-tabs-title-order: 2;\">\n\t\t\t\t\t\t<span class=\"e-n-tab-title-text\">\n\t\t\t\tCOSTA CAT II\t\t\t<\/span>\n\t\t<\/button>\n\t\t\t\t\t<\/div>\n\t\t\t<div class=\"e-n-tabs-content\">\n\t\t\t\t<div id=\"e-n-tab-content-811523281\" role=\"tabpanel\" aria-labelledby=\"e-n-tab-title-811523281\" data-tab-index=\"1\" style=\"--n-tabs-title-order: 1;\" class=\"e-active elementor-element elementor-element-3c30286 e-con-full e-flex e-con e-child\" data-id=\"3c30286\" data-element_type=\"container\" data-e-type=\"container\">\n\t\t\t\t<div class=\"elementor-element elementor-element-bf6a3e7 elementor-widget elementor-widget-text-editor\" data-id=\"bf6a3e7\" data-element_type=\"widget\" data-e-type=\"widget\" data-widget_type=\"text-editor.default\">\n\t\t\t\t<div class=\"elementor-widget-container\">\n\t\t\t\t\t\t\t\t\t<h3>AUTHENTIC<\/h3><p><strong>HORARIO<\/strong><\/p><p><strong>OPCI\u00d3N 1<\/strong><br \/>Registro: 7:45 am<br \/>Salida: 8:00 am<br \/>Regreso al muelle 4:00pm<\/p><p><strong>OPCI\u00d3N 2<\/strong><br \/>Registro: 8:45 am<br \/>Salida: 9:00 am<br \/>Regreso al muelle: 5:00pm<\/p><p><strong>QU\u00c9 SE INCLUYE A BORDO DEL AUTHENTIC<\/strong><\/p><ul><li>Desayuno ligero a bordo<\/li><li>Caf\u00e9, agua, t\u00e9 helado y refrescos<\/li><li>Ponche de ron y margaritas<\/li><li>Excursi\u00f3n de snorkel<\/li><li>Excursi\u00f3n en banana<\/li><li>Caminata ecol\u00f3gica<\/li><li>Sillas de playa y sombrillas<\/li><li>Almuerzo tipo buffet<\/li><li>Bar Premium y caja de cerveza<\/li><\/ul><div>\u00a0<\/div><p><b>TARIFA<br \/><\/b>Tarifa base cubre hasta 10 personas: $2350 + impuestos.<\/p><p>Las tarifas aplican hasta el 15 de Diciembre<\/p>\t\t\t\t\t\t\t\t<\/div>\n\t\t\t\t<\/div>\n\t\t\t\t<div class=\"elementor-element elementor-element-ca0132b elementor-align-center elementor-mobile-align-center elementor-widget elementor-widget-button\" data-id=\"ca0132b\" data-element_type=\"widget\" data-e-type=\"widget\" data-widget_type=\"button.default\">\n\t\t\t\t<div class=\"elementor-widget-container\">\n\t\t\t\t\t\t\t\t\t<div class=\"elementor-button-wrapper\">\n\t\t\t\t\t<a class=\"elementor-button elementor-button-link elementor-size-sm elementor-animation-grow\" href=\"https:\/\/www.peek.com\/s\/1e7840b7-ba4e-4303-8132-d06fdc564600\/z7wMw\" target=\"_blank\" rel=\"noopener\">\n\t\t\t\t\t\t<span class=\"elementor-button-content-wrapper\">\n\t\t\t\t\t\t\t\t\t<span class=\"elementor-button-text\">RESERVA<\/span>\n\t\t\t\t\t<\/span>\n\t\t\t\t\t<\/a>\n\t\t\t\t<\/div>\n\t\t\t\t\t\t\t\t<\/div>\n\t\t\t\t<\/div>\n\t\t\t\t<\/div>\n\t\t<div id=\"e-n-tab-content-811523282\" role=\"tabpanel\" aria-labelledby=\"e-n-tab-title-811523282\" data-tab-index=\"2\" style=\"--n-tabs-title-order: 2;\" class=\" elementor-element elementor-element-e52a573 e-con-full e-flex e-con e-child\" data-id=\"e52a573\" data-element_type=\"container\" data-e-type=\"container\">\n\t\t\t\t<div class=\"elementor-element elementor-element-9ace12f elementor-widget elementor-widget-text-editor\" data-id=\"9ace12f\" data-element_type=\"widget\" data-e-type=\"widget\" data-widget_type=\"text-editor.default\">\n\t\t\t\t<div class=\"elementor-widget-container\">\n\t\t\t\t\t\t\t\t\t<h3>COSTA CAT II\u200b<\/h3><p><strong>HORARIO<\/strong><\/p><p><strong>OPCI\u00d3N 1<\/strong><br \/>Registro: 7:45 am<br \/>Salida: 8:00 am<br \/>Regreso al muelle: 4:00 pm<\/p><p><strong>OPCI\u00d3N 2<\/strong><br \/>Registro: 8:45 am<br \/>Salida: 9:00 am<br \/>Regreso al muelle: 5:00 pm<\/p><p><strong>QU\u00c9 SE INCLUYE A BORDO DE COSTA CAT II<\/strong><\/p><ul><li>Desayuno ligero a bordo<\/li><li>Caf\u00e9, agua, t\u00e9 helado y refrescos<\/li><li>Ponche de ron y margaritas<\/li><li>Excursi\u00f3n de snorkel<\/li><li>Excursi\u00f3n en banana<\/li><li>Caminata ecol\u00f3gica<\/li><li>Sillas de playa y sombrillas<\/li><li>Almuerzo tipo buffet<\/li><li><strong>BAR DE PRIMERA CALIDAD A LA VENTA<\/strong><\/li><\/ul><p>\u00a0<\/p><p><b>TARIFA<\/b><\/p><p data-start=\"1343\" data-end=\"1410\"><strong data-start=\"1349\" data-end=\"1410\">TOURS PRIVADOS \u2013 COSTA CAT II (39\u2019 | Hasta 40 pax) \u2013 RACK<\/strong><\/p><ul data-start=\"1435\" data-end=\"1734\"><li data-start=\"1435\" data-end=\"1533\"><p data-start=\"1437\" data-end=\"1457\"><strong data-start=\"1437\" data-end=\"1455\">Semanas Clave:<\/strong><\/p><ul data-start=\"1460\" data-end=\"1533\"><li data-start=\"1460\" data-end=\"1533\"><p data-start=\"1462\" data-end=\"1533\">Pax m\u00ednimo: <strong data-start=\"1474\" data-end=\"1480\">35<\/strong> | <strong data-start=\"1489\" data-end=\"1505\">$5,250 + tax<\/strong> | Pax extra: <strong data-start=\"1519\" data-end=\"1533\">$150 + tax<\/strong><\/p><\/li><\/ul><\/li><li data-start=\"1534\" data-end=\"1633\"><p data-start=\"1536\" data-end=\"1557\"><strong data-start=\"1536\" data-end=\"1555\">Temporada Alta:<\/strong><\/p><ul data-start=\"1560\" data-end=\"1633\"><li data-start=\"1560\" data-end=\"1633\"><p data-start=\"1562\" data-end=\"1633\">Pax m\u00ednimo: <strong data-start=\"1574\" data-end=\"1580\">30<\/strong> | <strong data-start=\"1589\" data-end=\"1605\">4,500 + tax<\/strong> | Pax extra: <strong data-start=\"1619\" data-end=\"1633\">$150 + tax<\/strong><\/p><\/li><\/ul><\/li><li data-start=\"1634\" data-end=\"1734\"><p data-start=\"1636\" data-end=\"1658\"><strong data-start=\"1636\" data-end=\"1656\">Temporada Verde:<\/strong><\/p><ul data-start=\"1661\" data-end=\"1734\"><li data-start=\"1661\" data-end=\"1734\"><p data-start=\"1663\" data-end=\"1734\">Pax m\u00ednimo: <strong data-start=\"1675\" data-end=\"1681\">15<\/strong> | <strong data-start=\"1690\" data-end=\"1706\">$2,250 + tax<\/strong> | Pax extra: <strong data-start=\"1720\" data-end=\"1734\">$150 + tax<\/strong><\/p><\/li><\/ul><\/li><\/ul><p>Las tarifas aplican hasta el 15 de Diciembre<\/p>\t\t\t\t\t\t\t\t<\/div>\n\t\t\t\t<\/div>\n\t\t\t\t<div class=\"elementor-element elementor-element-50d809a elementor-align-center elementor-mobile-align-center elementor-widget elementor-widget-button\" data-id=\"50d809a\" data-element_type=\"widget\" data-e-type=\"widget\" data-widget_type=\"button.default\">\n\t\t\t\t<div class=\"elementor-widget-container\">\n\t\t\t\t\t\t\t\t\t<div class=\"elementor-button-wrapper\">\n\t\t\t\t\t<a class=\"elementor-button elementor-button-link elementor-size-sm elementor-animation-grow\" href=\"https:\/\/wa.link\/261nyr\" target=\"_blank\" rel=\"noopener\">\n\t\t\t\t\t\t<span class=\"elementor-button-content-wrapper\">\n\t\t\t\t\t\t\t\t\t<span class=\"elementor-button-text\">CHATEA CON NOSOTROS<\/span>\n\t\t\t\t\t<\/span>\n\t\t\t\t\t<\/a>\n\t\t\t\t<\/div>\n\t\t\t\t\t\t\t\t<\/div>\n\t\t\t\t<\/div>\n\t\t\t\t<\/div>\n\t\t\t\t\t<\/div>\n\t\t<\/div>\n\t\t\t\t\t\t<\/div>\n\t\t\t\t<\/div>\n\t\t\t\t\t<\/div>\n\t\t<\/div>\n\t\t\t\t\t<\/div>\n\t\t<\/section>\n\t\t\t\t\t<\/div>\n\t\t<\/div>\n\t\t\t\t\t<\/div>\n\t\t<\/section>\n\t\t<div class=\"elementor-element elementor-element-9295d6e e-flex e-con-boxed e-con e-parent\" data-id=\"9295d6e\" data-element_type=\"container\" data-e-type=\"container\">\n\t\t\t\t\t<div class=\"e-con-inner\">\n\t\t\t\t\t<\/div>\n\t\t\t\t<\/div>\n\t\t\t\t<\/div>\n\t\t","protected":false},"excerpt":{"rendered":"<p>TOUR PRIVADO Isla Tortuga Emb\u00e1rquese en un exclusivo viaje a la isla Tortuga, un cautivador para\u00edso donde le espera la belleza de la naturaleza. Sum\u00e9rjase en las aguas cristalinas, marav\u00edllese con la colorida vida marina mientras practica snorkel y rel\u00e1jese en las inmaculadas playas de arena. Del\u00e9itese con las bebidas y el almuerzo servidos por [&hellip;]<\/p>\n","protected":false},"author":1,"featured_media":0,"parent":0,"menu_order":0,"comment_status":"closed","ping_status":"closed","template":"elementor_header_footer","meta":{"footnotes":""},"class_list":["post-3688","page","type-page","status-publish","hentry"],"_links":{"self":[{"href":"https:\/\/costacatcruises.com\/es\/wp-json\/wp\/v2\/pages\/3688","targetHints":{"allow":["GET"]}}],"collection":[{"href":"https:\/\/costacatcruises.com\/es\/wp-json\/wp\/v2\/pages"}],"about":[{"href":"https:\/\/costacatcruises.com\/es\/wp-json\/wp\/v2\/types\/page"}],"author":[{"embeddable":true,"href":"https:\/\/costacatcruises.com\/es\/wp-json\/wp\/v2\/users\/1"}],"replies":[{"embeddable":true,"href":"https:\/\/costacatcruises.com\/es\/wp-json\/wp\/v2\/comments?post=3688"}],"version-history":[{"count":9,"href":"https:\/\/costacatcruises.com\/es\/wp-json\/wp\/v2\/pages\/3688\/revisions"}],"predecessor-version":[{"id":10122,"href":"https:\/\/costacatcruises.com\/es\/wp-json\/wp\/v2\/pages\/3688\/revisions\/10122"}],"wp:attachment":[{"href":"https:\/\/costacatcruises.com\/es\/wp-json\/wp\/v2\/media?parent=3688"}],"curies":[{"name":"wp","href":"https:\/\/api.w.org\/{rel}","templated":true}]}}