{"id":3686,"date":"2021-03-25T17:44:14","date_gmt":"2021-03-25T23:44:14","guid":{"rendered":"https:\/\/costacatcruises.com\/staging\/tour-en-catamaran-al-atardecer\/"},"modified":"2026-01-14T20:06:41","modified_gmt":"2026-01-15T02:06:41","slug":"tour-atardecer","status":"publish","type":"page","link":"https:\/\/costacatcruises.com\/es\/tour-atardecer\/","title":{"rendered":"Tour de atardecer"},"content":{"rendered":"\t\t<div data-elementor-type=\"wp-page\" data-elementor-id=\"3686\" class=\"elementor elementor-3686 elementor-2639\" data-elementor-post-type=\"page\">\n\t\t\t\t\t\t<section class=\"elementor-section elementor-top-section elementor-element elementor-element-623bd1b9 elementor-section-boxed elementor-section-height-default elementor-section-height-default\" data-id=\"623bd1b9\" data-element_type=\"section\" data-e-type=\"section\" data-settings=\"{&quot;background_background&quot;:&quot;classic&quot;}\">\n\t\t\t\t\t\t\t<div class=\"elementor-background-overlay\"><\/div>\n\t\t\t\t\t\t\t<div class=\"elementor-container elementor-column-gap-default\">\n\t\t\t\t\t<div class=\"elementor-column elementor-col-100 elementor-top-column elementor-element elementor-element-16386eff\" data-id=\"16386eff\" data-element_type=\"column\" data-e-type=\"column\">\n\t\t\t<div class=\"elementor-widget-wrap elementor-element-populated\">\n\t\t\t\t\t\t<div class=\"elementor-element elementor-element-d3a5d23 elementor-widget elementor-widget-heading\" data-id=\"d3a5d23\" data-element_type=\"widget\" data-e-type=\"widget\" data-widget_type=\"heading.default\">\n\t\t\t\t<div class=\"elementor-widget-container\">\n\t\t\t\t\t<h2 class=\"elementor-heading-title elementor-size-default\">TOUR PRIVADO<\/h2>\t\t\t\t<\/div>\n\t\t\t\t<\/div>\n\t\t\t\t<div class=\"elementor-element elementor-element-1051a5 elementor-widget elementor-widget-heading\" data-id=\"1051a5\" data-element_type=\"widget\" data-e-type=\"widget\" data-widget_type=\"heading.default\">\n\t\t\t\t<div class=\"elementor-widget-container\">\n\t\t\t\t\t<h2 class=\"elementor-heading-title elementor-size-default\">Tour al Atardecer<\/h2>\t\t\t\t<\/div>\n\t\t\t\t<\/div>\n\t\t\t\t<section class=\"elementor-section elementor-inner-section elementor-element elementor-element-c25465e elementor-section-boxed elementor-section-height-default elementor-section-height-default\" data-id=\"c25465e\" data-element_type=\"section\" data-e-type=\"section\" data-settings=\"{&quot;background_background&quot;:&quot;slideshow&quot;,&quot;background_slideshow_gallery&quot;:[],&quot;background_slideshow_loop&quot;:&quot;yes&quot;,&quot;background_slideshow_slide_duration&quot;:5000,&quot;background_slideshow_slide_transition&quot;:&quot;fade&quot;,&quot;background_slideshow_transition_duration&quot;:500}\">\n\t\t\t\t\t\t<div class=\"elementor-container elementor-column-gap-default\">\n\t\t\t\t\t<div class=\"elementor-column elementor-col-50 elementor-inner-column elementor-element elementor-element-38e97ce2\" data-id=\"38e97ce2\" data-element_type=\"column\" data-e-type=\"column\" data-settings=\"{&quot;background_background&quot;:&quot;classic&quot;}\">\n\t\t\t<div class=\"elementor-widget-wrap elementor-element-populated\">\n\t\t\t\t\t\t<div class=\"elementor-element elementor-element-ffa8c26 elementor-widget elementor-widget-text-editor\" data-id=\"ffa8c26\" data-element_type=\"widget\" data-e-type=\"widget\" data-widget_type=\"text-editor.default\">\n\t\t\t\t<div class=\"elementor-widget-container\">\n\t\t\t\t\t\t\t\t\t<p><strong>Navegue hacia los fascinantes matices de la puesta de sol, disfrute del encanto costero y cree recuerdos inolvidables.<\/strong> Emb\u00e1rquese en un viaje en el que el lujo se une a la magia de una puesta de sol en Costa Rica.<\/p>\n\t\t\t\t\t\t\t\t<\/div>\n\t\t\t\t<\/div>\n\t\t\t\t<div class=\"elementor-element elementor-element-d94b1fe elementor-widget elementor-widget-heading\" data-id=\"d94b1fe\" data-element_type=\"widget\" data-e-type=\"widget\" data-widget_type=\"heading.default\">\n\t\t\t\t<div class=\"elementor-widget-container\">\n\t\t\t\t\t<h2 class=\"elementor-heading-title elementor-size-default\"><span class=\"elementor-heading-title elementor-size-default\">EMBARCACIONES DISPONIBLES<\/span><\/h2>\t\t\t\t<\/div>\n\t\t\t\t<\/div>\n\t\t\t\t<div class=\"elementor-element elementor-element-6a19b32b elementor-widget elementor-widget-text-editor\" data-id=\"6a19b32b\" data-element_type=\"widget\" data-e-type=\"widget\" data-widget_type=\"text-editor.default\">\n\t\t\t\t<div class=\"elementor-widget-container\">\n\t\t\t\t\t\t\t\t\t<p><strong>COSTA CAT II:<\/strong> M\u00e1ximo 40 pasajeros<\/p>\n<p><strong>AUTHENTIC:<\/strong> M\u00e1ximo 10 pasajeros<\/p>\n\t\t\t\t\t\t\t\t<\/div>\n\t\t\t\t<\/div>\n\t\t\t\t<div class=\"elementor-element elementor-element-8289e03 elementor-widget elementor-widget-heading\" data-id=\"8289e03\" data-element_type=\"widget\" data-e-type=\"widget\" data-widget_type=\"heading.default\">\n\t\t\t\t<div class=\"elementor-widget-container\">\n\t\t\t\t\t<h2 class=\"elementor-heading-title elementor-size-default\">QU\u00c9 LLEVAR<\/h2>\t\t\t\t<\/div>\n\t\t\t\t<\/div>\n\t\t\t\t<div class=\"elementor-element elementor-element-4d895f1 elementor-widget elementor-widget-text-editor\" data-id=\"4d895f1\" data-element_type=\"widget\" data-e-type=\"widget\" data-widget_type=\"text-editor.default\">\n\t\t\t\t<div class=\"elementor-widget-container\">\n\t\t\t\t\t\t\t\t\t<p>No dude en traer snacks a bordo. No se permiten neveras port\u00e1tiles, pero puede consultar si desea llevar sus propias bebidas. No olvide lo esencial, como ba\u00f1ador, toalla, crema solar, sombrero, gafas de sol y c\u00e1mara de fotos. Aunque las propinas para la tripulaci\u00f3n no est\u00e1n incluidas, siempre se agradecen.<\/p>\n\t\t\t\t\t\t\t\t<\/div>\n\t\t\t\t<\/div>\n\t\t\t\t<div class=\"elementor-element elementor-element-7a94c5e elementor-widget elementor-widget-gallery\" data-id=\"7a94c5e\" data-element_type=\"widget\" data-e-type=\"widget\" data-settings=\"{&quot;columns&quot;:3,&quot;gap&quot;:{&quot;unit&quot;:&quot;px&quot;,&quot;size&quot;:2,&quot;sizes&quot;:[]},&quot;aspect_ratio&quot;:&quot;1:1&quot;,&quot;columns_mobile&quot;:2,&quot;lazyload&quot;:&quot;yes&quot;,&quot;gallery_layout&quot;:&quot;grid&quot;,&quot;columns_tablet&quot;:2,&quot;gap_tablet&quot;:{&quot;unit&quot;:&quot;px&quot;,&quot;size&quot;:10,&quot;sizes&quot;:[]},&quot;gap_mobile&quot;:{&quot;unit&quot;:&quot;px&quot;,&quot;size&quot;:10,&quot;sizes&quot;:[]},&quot;link_to&quot;:&quot;file&quot;,&quot;overlay_background&quot;:&quot;yes&quot;,&quot;content_hover_animation&quot;:&quot;fade-in&quot;}\" data-widget_type=\"gallery.default\">\n\t\t\t\t<div class=\"elementor-widget-container\">\n\t\t\t\t\t\t\t<div class=\"elementor-gallery__container\">\n\t\t\t\t\t\t\t<a class=\"e-gallery-item elementor-gallery-item elementor-animated-content\" href=\"https:\/\/costacatcruises.com\/wp-content\/uploads\/2024\/04\/70-scaled.jpg\" data-elementor-open-lightbox=\"yes\" data-elementor-lightbox-slideshow=\"7a94c5e\" data-elementor-lightbox-title=\"70\" data-e-action-hash=\"#elementor-action%3Aaction%3Dlightbox%26settings%3DeyJpZCI6NjQ3MywidXJsIjoiaHR0cHM6XC9cL2Nvc3RhY2F0Y3J1aXNlcy5jb21cL3dwLWNvbnRlbnRcL3VwbG9hZHNcLzIwMjRcLzA0XC83MC1zY2FsZWQuanBnIiwic2xpZGVzaG93IjoiN2E5NGM1ZSJ9\">\n\t\t\t\t\t<div class=\"e-gallery-image elementor-gallery-item__image\" data-thumbnail=\"https:\/\/costacatcruises.com\/wp-content\/uploads\/2024\/04\/70-300x200.jpg\" data-width=\"300\" data-height=\"200\" aria-label=\"\" role=\"img\" ><\/div>\n\t\t\t\t\t\t\t\t\t\t\t<div class=\"elementor-gallery-item__overlay\"><\/div>\n\t\t\t\t\t\t\t\t\t\t\t\t\t\t<\/a>\n\t\t\t\t\t\t\t<a class=\"e-gallery-item elementor-gallery-item elementor-animated-content\" href=\"https:\/\/costacatcruises.com\/wp-content\/uploads\/2024\/01\/costacat-costarica-tour-sunset-catamaran.jpg\" data-elementor-open-lightbox=\"yes\" data-elementor-lightbox-slideshow=\"7a94c5e\" data-elementor-lightbox-title=\"costacat-costarica-tour-sunset-catamaran\" data-e-action-hash=\"#elementor-action%3Aaction%3Dlightbox%26settings%3DeyJpZCI6NTA3NywidXJsIjoiaHR0cHM6XC9cL2Nvc3RhY2F0Y3J1aXNlcy5jb21cL3dwLWNvbnRlbnRcL3VwbG9hZHNcLzIwMjRcLzAxXC9jb3N0YWNhdC1jb3N0YXJpY2EtdG91ci1zdW5zZXQtY2F0YW1hcmFuLmpwZyIsInNsaWRlc2hvdyI6IjdhOTRjNWUifQ%3D%3D\">\n\t\t\t\t\t<div class=\"e-gallery-image elementor-gallery-item__image\" data-thumbnail=\"https:\/\/costacatcruises.com\/wp-content\/uploads\/2024\/01\/costacat-costarica-tour-sunset-catamaran-300x300.jpg\" data-width=\"300\" data-height=\"300\" aria-label=\"\" role=\"img\" ><\/div>\n\t\t\t\t\t\t\t\t\t\t\t<div class=\"elementor-gallery-item__overlay\"><\/div>\n\t\t\t\t\t\t\t\t\t\t\t\t\t\t<\/a>\n\t\t\t\t\t\t\t<a class=\"e-gallery-item elementor-gallery-item elementor-animated-content\" href=\"https:\/\/costacatcruises.com\/wp-content\/uploads\/2024\/04\/72-scaled.jpg\" data-elementor-open-lightbox=\"yes\" data-elementor-lightbox-slideshow=\"7a94c5e\" data-elementor-lightbox-title=\"72\" data-e-action-hash=\"#elementor-action%3Aaction%3Dlightbox%26settings%3DeyJpZCI6NjQ3NSwidXJsIjoiaHR0cHM6XC9cL2Nvc3RhY2F0Y3J1aXNlcy5jb21cL3dwLWNvbnRlbnRcL3VwbG9hZHNcLzIwMjRcLzA0XC83Mi1zY2FsZWQuanBnIiwic2xpZGVzaG93IjoiN2E5NGM1ZSJ9\">\n\t\t\t\t\t<div class=\"e-gallery-image elementor-gallery-item__image\" data-thumbnail=\"https:\/\/costacatcruises.com\/wp-content\/uploads\/2024\/04\/72-300x200.jpg\" data-width=\"300\" data-height=\"200\" aria-label=\"\" role=\"img\" ><\/div>\n\t\t\t\t\t\t\t\t\t\t\t<div class=\"elementor-gallery-item__overlay\"><\/div>\n\t\t\t\t\t\t\t\t\t\t\t\t\t\t<\/a>\n\t\t\t\t\t\t\t<a class=\"e-gallery-item elementor-gallery-item elementor-animated-content\" href=\"https:\/\/costacatcruises.com\/wp-content\/uploads\/2024\/04\/73-scaled.jpg\" data-elementor-open-lightbox=\"yes\" data-elementor-lightbox-slideshow=\"7a94c5e\" data-elementor-lightbox-title=\"73\" data-e-action-hash=\"#elementor-action%3Aaction%3Dlightbox%26settings%3DeyJpZCI6NjQ3NywidXJsIjoiaHR0cHM6XC9cL2Nvc3RhY2F0Y3J1aXNlcy5jb21cL3dwLWNvbnRlbnRcL3VwbG9hZHNcLzIwMjRcLzA0XC83My1zY2FsZWQuanBnIiwic2xpZGVzaG93IjoiN2E5NGM1ZSJ9\">\n\t\t\t\t\t<div class=\"e-gallery-image elementor-gallery-item__image\" data-thumbnail=\"https:\/\/costacatcruises.com\/wp-content\/uploads\/2024\/04\/73-300x200.jpg\" data-width=\"300\" data-height=\"200\" aria-label=\"\" role=\"img\" ><\/div>\n\t\t\t\t\t\t\t\t\t\t\t<div class=\"elementor-gallery-item__overlay\"><\/div>\n\t\t\t\t\t\t\t\t\t\t\t\t\t\t<\/a>\n\t\t\t\t\t\t\t<a class=\"e-gallery-item elementor-gallery-item elementor-animated-content\" href=\"https:\/\/costacatcruises.com\/wp-content\/uploads\/2024\/04\/costa-cat-sunset-tour-private-tours-2.jpg\" data-elementor-open-lightbox=\"yes\" data-elementor-lightbox-slideshow=\"7a94c5e\" data-elementor-lightbox-title=\"costa cat-sunset tour-private tours-2\" data-e-action-hash=\"#elementor-action%3Aaction%3Dlightbox%26settings%3DeyJpZCI6NjM1MCwidXJsIjoiaHR0cHM6XC9cL2Nvc3RhY2F0Y3J1aXNlcy5jb21cL3dwLWNvbnRlbnRcL3VwbG9hZHNcLzIwMjRcLzA0XC9jb3N0YS1jYXQtc3Vuc2V0LXRvdXItcHJpdmF0ZS10b3Vycy0yLmpwZyIsInNsaWRlc2hvdyI6IjdhOTRjNWUifQ%3D%3D\">\n\t\t\t\t\t<div class=\"e-gallery-image elementor-gallery-item__image\" data-thumbnail=\"https:\/\/costacatcruises.com\/wp-content\/uploads\/2024\/04\/costa-cat-sunset-tour-private-tours-2-300x190.jpg\" data-width=\"300\" data-height=\"190\" aria-label=\"\" role=\"img\" ><\/div>\n\t\t\t\t\t\t\t\t\t\t\t<div class=\"elementor-gallery-item__overlay\"><\/div>\n\t\t\t\t\t\t\t\t\t\t\t\t\t\t<\/a>\n\t\t\t\t\t\t\t<a class=\"e-gallery-item elementor-gallery-item elementor-animated-content\" href=\"https:\/\/costacatcruises.com\/wp-content\/uploads\/2024\/04\/costa-cat-sunset-tour-private-tours-4.jpg\" data-elementor-open-lightbox=\"yes\" data-elementor-lightbox-slideshow=\"7a94c5e\" data-elementor-lightbox-title=\"costa cat-sunset tour-private tours-4\" data-e-action-hash=\"#elementor-action%3Aaction%3Dlightbox%26settings%3DeyJpZCI6NjM1NCwidXJsIjoiaHR0cHM6XC9cL2Nvc3RhY2F0Y3J1aXNlcy5jb21cL3dwLWNvbnRlbnRcL3VwbG9hZHNcLzIwMjRcLzA0XC9jb3N0YS1jYXQtc3Vuc2V0LXRvdXItcHJpdmF0ZS10b3Vycy00LmpwZyIsInNsaWRlc2hvdyI6IjdhOTRjNWUifQ%3D%3D\">\n\t\t\t\t\t<div class=\"e-gallery-image elementor-gallery-item__image\" data-thumbnail=\"https:\/\/costacatcruises.com\/wp-content\/uploads\/2024\/04\/costa-cat-sunset-tour-private-tours-4-300x190.jpg\" data-width=\"300\" data-height=\"190\" aria-label=\"\" role=\"img\" ><\/div>\n\t\t\t\t\t\t\t\t\t\t\t<div class=\"elementor-gallery-item__overlay\"><\/div>\n\t\t\t\t\t\t\t\t\t\t\t\t\t\t<\/a>\n\t\t\t\t\t<\/div>\n\t\t\t\t\t<\/div>\n\t\t\t\t<\/div>\n\t\t\t\t\t<\/div>\n\t\t<\/div>\n\t\t\t\t<div class=\"elementor-column elementor-col-50 elementor-inner-column elementor-element elementor-element-311f9e39\" data-id=\"311f9e39\" data-element_type=\"column\" data-e-type=\"column\" data-settings=\"{&quot;background_background&quot;:&quot;classic&quot;}\">\n\t\t\t<div class=\"elementor-widget-wrap elementor-element-populated\">\n\t\t\t\t\t\t<div class=\"elementor-element elementor-element-103d886 elementor-widget elementor-widget-heading\" data-id=\"103d886\" data-element_type=\"widget\" data-e-type=\"widget\" data-widget_type=\"heading.default\">\n\t\t\t\t<div class=\"elementor-widget-container\">\n\t\t\t\t\t<h2 class=\"elementor-heading-title elementor-size-default\">DETALLES<\/h2>\t\t\t\t<\/div>\n\t\t\t\t<\/div>\n\t\t\t\t<div class=\"elementor-element elementor-element-0a5eb41 e-n-tabs-mobile elementor-widget elementor-widget-n-tabs\" data-id=\"0a5eb41\" data-element_type=\"widget\" data-e-type=\"widget\" data-settings=\"{&quot;tabs_justify_horizontal&quot;:&quot;center&quot;,&quot;horizontal_scroll&quot;:&quot;disable&quot;}\" data-widget_type=\"nested-tabs.default\">\n\t\t\t\t<div class=\"elementor-widget-container\">\n\t\t\t\t\t\t\t<div class=\"e-n-tabs\" data-widget-number=\"10873665\" aria-label=\"Pesta\u00f1as. Abre elementos con Intro o Espacio, ci\u00e9rralos con Escape y navega con las fechas.\">\n\t\t\t<div class=\"e-n-tabs-heading\" role=\"tablist\">\n\t\t\t\t\t<button id=\"e-n-tab-title-108736651\" data-tab-title-id=\"e-n-tab-title-108736651\" class=\"e-n-tab-title\" aria-selected=\"true\" data-tab-index=\"1\" role=\"tab\" tabindex=\"0\" aria-controls=\"e-n-tab-content-108736651\" style=\"--n-tabs-title-order: 1;\">\n\t\t\t\t\t\t<span class=\"e-n-tab-title-text\">\n\t\t\t\tAUTHENTIC\t\t\t<\/span>\n\t\t<\/button>\n\t\t\t\t<button id=\"e-n-tab-title-108736652\" data-tab-title-id=\"e-n-tab-title-108736652\" class=\"e-n-tab-title\" aria-selected=\"false\" data-tab-index=\"2\" role=\"tab\" tabindex=\"-1\" aria-controls=\"e-n-tab-content-108736652\" style=\"--n-tabs-title-order: 2;\">\n\t\t\t\t\t\t<span class=\"e-n-tab-title-text\">\n\t\t\t\tCOSTA CAT II\t\t\t<\/span>\n\t\t<\/button>\n\t\t\t\t\t<\/div>\n\t\t\t<div class=\"e-n-tabs-content\">\n\t\t\t\t<div id=\"e-n-tab-content-108736651\" role=\"tabpanel\" aria-labelledby=\"e-n-tab-title-108736651\" data-tab-index=\"1\" style=\"--n-tabs-title-order: 1;\" class=\"e-active elementor-element elementor-element-8aae2fe e-con-full e-flex e-con e-child\" data-id=\"8aae2fe\" data-element_type=\"container\" data-e-type=\"container\">\n\t\t\t\t<div class=\"elementor-element elementor-element-de0250c elementor-widget elementor-widget-text-editor\" data-id=\"de0250c\" data-element_type=\"widget\" data-e-type=\"widget\" data-widget_type=\"text-editor.default\">\n\t\t\t\t<div class=\"elementor-widget-container\">\n\t\t\t\t\t\t\t\t\t<h3>AUTHENTIC<\/h3><p><strong style=\"box-sizing: border-box; font-weight: bolder;\">HORARIO<\/strong><\/p><p>Registro: 2:45 pm<br \/>Salida: 3:00 pm<br \/>Regreso al muelle: 6:00 pm<\/p><p style=\"box-sizing: border-box; margin-block: 0px 0.9rem;\"><strong>QU\u00c9 SE INCLUYE A BORDO DEL AUTHENTIC<\/strong><\/p><ul style=\"font-size: 14px; background-image: none; background-color: #ffffff;\"><li style=\"font-size: 14px; background-image: none; background-color: #ffffff;\">Snacks<\/li><li style=\"font-size: 14px; background-image: none; background-color: #ffffff;\">Agua y refrescos<\/li><li style=\"font-size: 14px; background-image: none; background-color: #ffffff;\">Bar Premium y caja de cerveza<\/li><li style=\"font-size: 14px; background-image: none; background-color: #ffffff;\">Tabla de embutidos<\/li><li style=\"font-size: 14px; background-image: none; background-color: #ffffff;\">Botella de champ\u00e1n<\/li><li style=\"font-size: 14px; background-image: none; background-color: #ffffff;\">Flotadores y equipo de snorkel incluidos<\/li><\/ul><div><span style=\"font-size: 14px;\">\u00a0<\/span><\/div><p><b>TARIFA<\/b><\/p><p>Tarifa b\u00e1sica para hasta 10 personas: $1150 + impuestos.<\/p><p>Tarifas aplican hasta el 15 de Diciembre<\/p>\t\t\t\t\t\t\t\t<\/div>\n\t\t\t\t<\/div>\n\t\t\t\t<div class=\"elementor-element elementor-element-af6ffe9 elementor-align-center elementor-mobile-align-center elementor-widget elementor-widget-button\" data-id=\"af6ffe9\" data-element_type=\"widget\" data-e-type=\"widget\" data-widget_type=\"button.default\">\n\t\t\t\t<div class=\"elementor-widget-container\">\n\t\t\t\t\t\t\t\t\t<div class=\"elementor-button-wrapper\">\n\t\t\t\t\t<a class=\"elementor-button elementor-button-link elementor-size-sm elementor-animation-grow\" href=\"https:\/\/www.peek.com\/s\/1e7840b7-ba4e-4303-8132-d06fdc564600\/jYMbR\" target=\"_blank\" rel=\"noopener\">\n\t\t\t\t\t\t<span class=\"elementor-button-content-wrapper\">\n\t\t\t\t\t\t\t\t\t<span class=\"elementor-button-text\">RESERVA<\/span>\n\t\t\t\t\t<\/span>\n\t\t\t\t\t<\/a>\n\t\t\t\t<\/div>\n\t\t\t\t\t\t\t\t<\/div>\n\t\t\t\t<\/div>\n\t\t\t\t<\/div>\n\t\t<div id=\"e-n-tab-content-108736652\" role=\"tabpanel\" aria-labelledby=\"e-n-tab-title-108736652\" data-tab-index=\"2\" style=\"--n-tabs-title-order: 2;\" class=\" elementor-element elementor-element-14eee1a e-con-full e-flex e-con e-child\" data-id=\"14eee1a\" data-element_type=\"container\" data-e-type=\"container\">\n\t\t\t\t<div class=\"elementor-element elementor-element-eda9706 elementor-widget elementor-widget-text-editor\" data-id=\"eda9706\" data-element_type=\"widget\" data-e-type=\"widget\" data-widget_type=\"text-editor.default\">\n\t\t\t\t<div class=\"elementor-widget-container\">\n\t\t\t\t\t\t\t\t\t<h3>COSTA CAT II<\/h3><p><strong>HORARIO<\/strong><\/p><p>Registro: 4:00 pm<br \/>Salida: 4:15 pm<br \/>Regreso al muelle: 6:00 pm<\/p><p><strong>QU\u00c9 SE INCLUYE A BORDO DE COSTA CAT II<\/strong><\/p><ul><li>Snacks<\/li><li>Agua y refrescos<\/li><li>Ponche de ron, Margaritas y caja de cerveza (por cada 10 pax)<\/li><li>Flotadores y equipo de snorkel incluidos}<\/li><li><strong>BAR PREMIUM A LA VENTA<\/strong><\/li><\/ul><p>\u00a0<\/p><p><b>TARIFA<\/b><\/p><ul><li data-start=\"1750\" data-end=\"1848\"><p data-start=\"1752\" data-end=\"1772\"><strong data-start=\"1752\" data-end=\"1770\">Semanas Clave:<\/strong><\/p><ul data-start=\"1775\" data-end=\"1848\"><li data-start=\"1775\" data-end=\"1848\"><p data-start=\"1777\" data-end=\"1848\">Pax m\u00ednimo: <strong data-start=\"1789\" data-end=\"1795\">30<\/strong> | <strong data-start=\"1804\" data-end=\"1820\">$3,000 + tax<\/strong> | Pax extra: <strong data-start=\"1834\" data-end=\"1848\">$100 + tax<\/strong><\/p><\/li><\/ul><\/li><li data-start=\"1849\" data-end=\"1948\"><p data-start=\"1851\" data-end=\"1872\"><strong data-start=\"1851\" data-end=\"1870\">Temporada Alta:<\/strong><\/p><ul data-start=\"1875\" data-end=\"1948\"><li data-start=\"1875\" data-end=\"1948\"><p data-start=\"1877\" data-end=\"1948\">Pax m\u00ednimo: <strong data-start=\"1889\" data-end=\"1895\">25<\/strong> | <strong data-start=\"1904\" data-end=\"1920\">$2,500 + tax<\/strong> | Pax extra: <strong data-start=\"1934\" data-end=\"1948\">$100 + tax<\/strong><\/p><\/li><\/ul><\/li><li data-start=\"1949\" data-end=\"2049\"><p data-start=\"1951\" data-end=\"1973\"><strong data-start=\"1951\" data-end=\"1971\">Temporada Verde:<\/strong><\/p><ul data-start=\"1976\" data-end=\"2049\"><li data-start=\"1976\" data-end=\"2049\"><p data-start=\"1978\" data-end=\"2049\">Pax m\u00ednimo: <strong data-start=\"1990\" data-end=\"1996\">15<\/strong> | <strong data-start=\"2005\" data-end=\"2021\">$1,500 + tax<\/strong> | Pax extra: <strong data-start=\"2035\" data-end=\"2049\">$100 + tax<\/strong><\/p><\/li><\/ul><\/li><\/ul><p>Tarifas aplican hasta el 15 de Diciembre<\/p>\t\t\t\t\t\t\t\t<\/div>\n\t\t\t\t<\/div>\n\t\t\t\t<div class=\"elementor-element elementor-element-80262e4 elementor-align-center elementor-mobile-align-center elementor-widget elementor-widget-button\" data-id=\"80262e4\" data-element_type=\"widget\" data-e-type=\"widget\" data-widget_type=\"button.default\">\n\t\t\t\t<div class=\"elementor-widget-container\">\n\t\t\t\t\t\t\t\t\t<div class=\"elementor-button-wrapper\">\n\t\t\t\t\t<a class=\"elementor-button elementor-button-link elementor-size-sm elementor-animation-grow\" href=\"https:\/\/wa.link\/dagkp3\" target=\"_blank\" rel=\"noopener\">\n\t\t\t\t\t\t<span class=\"elementor-button-content-wrapper\">\n\t\t\t\t\t\t\t\t\t<span class=\"elementor-button-text\">CHATEA CON NOSOTROS<\/span>\n\t\t\t\t\t<\/span>\n\t\t\t\t\t<\/a>\n\t\t\t\t<\/div>\n\t\t\t\t\t\t\t\t<\/div>\n\t\t\t\t<\/div>\n\t\t\t\t<\/div>\n\t\t\t\t\t<\/div>\n\t\t<\/div>\n\t\t\t\t\t\t<\/div>\n\t\t\t\t<\/div>\n\t\t\t\t\t<\/div>\n\t\t<\/div>\n\t\t\t\t\t<\/div>\n\t\t<\/section>\n\t\t\t\t\t<\/div>\n\t\t<\/div>\n\t\t\t\t\t<\/div>\n\t\t<\/section>\n\t\t\t\t<\/div>\n\t\t","protected":false},"excerpt":{"rendered":"<p>TOUR PRIVADO Tour al Atardecer Navegue hacia los fascinantes matices de la puesta de sol, disfrute del encanto costero y cree recuerdos inolvidables. Emb\u00e1rquese en un viaje en el que el lujo se une a la magia de una puesta de sol en Costa Rica. EMBARCACIONES DISPONIBLES COSTA CAT II: M\u00e1ximo 40 pasajeros AUTHENTIC: M\u00e1ximo [&hellip;]<\/p>\n","protected":false},"author":1,"featured_media":0,"parent":0,"menu_order":0,"comment_status":"closed","ping_status":"closed","template":"","meta":{"footnotes":""},"class_list":["post-3686","page","type-page","status-publish","hentry"],"_links":{"self":[{"href":"https:\/\/costacatcruises.com\/es\/wp-json\/wp\/v2\/pages\/3686","targetHints":{"allow":["GET"]}}],"collection":[{"href":"https:\/\/costacatcruises.com\/es\/wp-json\/wp\/v2\/pages"}],"about":[{"href":"https:\/\/costacatcruises.com\/es\/wp-json\/wp\/v2\/types\/page"}],"author":[{"embeddable":true,"href":"https:\/\/costacatcruises.com\/es\/wp-json\/wp\/v2\/users\/1"}],"replies":[{"embeddable":true,"href":"https:\/\/costacatcruises.com\/es\/wp-json\/wp\/v2\/comments?post=3686"}],"version-history":[{"count":9,"href":"https:\/\/costacatcruises.com\/es\/wp-json\/wp\/v2\/pages\/3686\/revisions"}],"predecessor-version":[{"id":10134,"href":"https:\/\/costacatcruises.com\/es\/wp-json\/wp\/v2\/pages\/3686\/revisions\/10134"}],"wp:attachment":[{"href":"https:\/\/costacatcruises.com\/es\/wp-json\/wp\/v2\/media?parent=3686"}],"curies":[{"name":"wp","href":"https:\/\/api.w.org\/{rel}","templated":true}]}}