{"id":3677,"date":"2021-03-25T17:24:51","date_gmt":"2021-03-25T23:24:51","guid":{"rendered":"https:\/\/costacatcruises.com\/staging\/nuestro-tour\/"},"modified":"2025-06-09T16:14:54","modified_gmt":"2025-06-09T22:14:54","slug":"catamaran-un-dia-isla-tortuga","status":"publish","type":"page","link":"https:\/\/costacatcruises.com\/es\/catamaran-un-dia-isla-tortuga\/","title":{"rendered":"Nuestro Tour"},"content":{"rendered":"\t\t<div data-elementor-type=\"wp-post\" data-elementor-id=\"3677\" class=\"elementor elementor-3677 elementor-13\" data-elementor-post-type=\"page\">\n\t\t\t\t<div class=\"elementor-element elementor-element-26f7163 e-flex e-con-boxed e-con e-parent\" data-id=\"26f7163\" data-element_type=\"container\" data-e-type=\"container\" data-settings=\"{&quot;background_background&quot;:&quot;classic&quot;}\">\n\t\t\t\t\t<div class=\"e-con-inner\">\n\t\t<div class=\"elementor-element elementor-element-171874b e-con-full e-flex e-con e-child\" data-id=\"171874b\" data-element_type=\"container\" data-e-type=\"container\">\n\t\t\t\t<div class=\"elementor-element elementor-element-ae8d0d3 elementor-widget elementor-widget-heading\" data-id=\"ae8d0d3\" data-element_type=\"widget\" data-e-type=\"widget\" data-widget_type=\"heading.default\">\n\t\t\t\t<div class=\"elementor-widget-container\">\n\t\t\t\t\t<h2 class=\"elementor-heading-title elementor-size-default\">TOUR P\u00daBLICO<\/h2>\t\t\t\t<\/div>\n\t\t\t\t<\/div>\n\t\t\t\t<div class=\"elementor-element elementor-element-dbe0e6c elementor-widget elementor-widget-heading\" data-id=\"dbe0e6c\" data-element_type=\"widget\" data-e-type=\"widget\" data-widget_type=\"heading.default\">\n\t\t\t\t<div class=\"elementor-widget-container\">\n\t\t\t\t\t<h2 class=\"elementor-heading-title elementor-size-default\">Isla Tortuga<\/h2>\t\t\t\t<\/div>\n\t\t\t\t<\/div>\n\t\t<div class=\"elementor-element elementor-element-944327c e-con-full e-flex e-con e-child\" data-id=\"944327c\" data-element_type=\"container\" data-e-type=\"container\">\n\t\t<div class=\"elementor-element elementor-element-89918b8 e-con-full e-flex e-con e-child\" data-id=\"89918b8\" data-element_type=\"container\" data-e-type=\"container\" data-settings=\"{&quot;background_background&quot;:&quot;classic&quot;}\">\n\t\t\t\t<div class=\"elementor-element elementor-element-a539a97 elementor-widget elementor-widget-text-editor\" data-id=\"a539a97\" data-element_type=\"widget\" data-e-type=\"widget\" data-widget_type=\"text-editor.default\">\n\t\t\t\t<div class=\"elementor-widget-container\">\n\t\t\t\t\t\t\t\t\t<p><b><strong>Perm\u00edtanos superar sus expectativas en esta incre\u00edble excursi\u00f3n de d\u00eda completo a Isla Tortuga.<\/strong><\/b><\/p>\n<p>Comience su viaje con nosotros desde la clase mundial <a href=\"https:\/\/lossuenos.com\/\" target=\"_blank\" rel=\"noopener\">Los Sue\u00f1os Resort &amp; Marina<\/a>, convenientemente situado a s\u00f3lo 10 minutos en coche del centro de Jaco, y un f\u00e1cil 1 hora y 15 minutos en coche del Aeropuerto Internacional de San Jos\u00e9. <b><strong>Pase menos tiempo en la carretera y m\u00e1s en el agua.<\/strong><\/b><\/p>\n<p>A su llegada a la isla, los hu\u00e9spedes tendr\u00e1n la opci\u00f3n de participar en una variedad de actividades, o simplemente descansar en la playa mientras nuestro personal atiende a todas sus necesidades.<\/p>\n<p><b><strong>Entre las actividades gratuitas que se pueden realizar en la isla se incluyen: snorkel, paseos en banana y excursiones por la naturaleza.<\/strong><\/b> <b><strong>Por un coste adicional, podr\u00e1 utilizar tablas de paddle surf y kayaks.<\/strong><\/b><\/p>\n<p>Nota: Las personas con movilidad reducida deben ponerse en contacto con nosotros al reservar su visita para recibir un asesoramiento personalizado.<\/p>\n\t\t\t\t\t\t\t\t<\/div>\n\t\t\t\t<\/div>\n\t\t\t\t<div class=\"elementor-element elementor-element-a26f471 elementor-widget elementor-widget-heading\" data-id=\"a26f471\" data-element_type=\"widget\" data-e-type=\"widget\" data-widget_type=\"heading.default\">\n\t\t\t\t<div class=\"elementor-widget-container\">\n\t\t\t\t\t<h2 class=\"elementor-heading-title elementor-size-default\">Qu\u00e9 incluye<\/h2>\t\t\t\t<\/div>\n\t\t\t\t<\/div>\n\t\t\t\t<div class=\"elementor-element elementor-element-4337068 elementor-widget elementor-widget-text-editor\" data-id=\"4337068\" data-element_type=\"widget\" data-e-type=\"widget\" data-widget_type=\"text-editor.default\">\n\t\t\t\t<div class=\"elementor-widget-container\">\n\t\t\t\t\t\t\t\t\t<ul>\n<li><b><strong>Desayuno ligero<\/strong><\/b> en el catamar\u00e1n.<\/li>\n<li>Sillas de playa, sombrillas, juguetes de playa.<\/li>\n<li><b><strong>Ponche de ron, margaritas, refrescos y agua durante todo el d\u00eda.<\/strong><\/b><\/li>\n<li><b><strong>Almuerzo completo tipo buffet<\/strong><\/b> en la Isla:Pollo a la parrilla, arroz primavera, papas salteadas y dos opciones de ensaladas. No ofrecemos sustituciones de comida.<\/li>\n<li><b><strong>3 actividades incluidas: snorkel, banana boat y eco-senderismo.<\/strong><\/b><\/li>\n<li>Seguro, permisos y equipo de seguridad marina.<\/li>\n<li>Gu\u00eda biling\u00fce (ingl\u00e9s \/ espa\u00f1ol).<\/li>\n<\/ul>\n\t\t\t\t\t\t\t\t<\/div>\n\t\t\t\t<\/div>\n\t\t\t\t<div class=\"elementor-element elementor-element-531b836 elementor-widget elementor-widget-heading\" data-id=\"531b836\" data-element_type=\"widget\" data-e-type=\"widget\" data-widget_type=\"heading.default\">\n\t\t\t\t<div class=\"elementor-widget-container\">\n\t\t\t\t\t<h2 class=\"elementor-heading-title elementor-size-default\">Qu\u00e9 debe llevar<\/h2>\t\t\t\t<\/div>\n\t\t\t\t<\/div>\n\t\t\t\t<div class=\"elementor-element elementor-element-9ca69f1 elementor-widget elementor-widget-text-editor\" data-id=\"9ca69f1\" data-element_type=\"widget\" data-e-type=\"widget\" data-widget_type=\"text-editor.default\">\n\t\t\t\t<div class=\"elementor-widget-container\">\n\t\t\t\t\t\t\t\t\t<p data-start=\"56\" data-end=\"447\">Lleva una bolsa resistente al agua para tus pertenencias, traje de ba\u00f1o, un cambio de ropa, sandalias o zapatos c\u00f3modos, una botella de agua reutilizable, toalla, protector solar, sombrero, gafas de sol y una c\u00e1mara para capturar tus recuerdos. Es posible que desees llevar algo de efectivo para propinas y para mejorar tu paquete de bebidas al momento del check-in y as\u00ed tener m\u00e1s opciones.<\/p><p data-start=\"449\" data-end=\"583\">Las propinas para la tripulaci\u00f3n no est\u00e1n incluidas, pero son bien recibidas como muestra de agradecimiento por su excelente servicio.<\/p>\t\t\t\t\t\t\t\t<\/div>\n\t\t\t\t<\/div>\n\t\t\t\t<div class=\"elementor-element elementor-element-21ace9d elementor-widget elementor-widget-heading\" data-id=\"21ace9d\" data-element_type=\"widget\" data-e-type=\"widget\" data-widget_type=\"heading.default\">\n\t\t\t\t<div class=\"elementor-widget-container\">\n\t\t\t\t\t<h2 class=\"elementor-heading-title elementor-size-default\">Actividades adicionales disponibles<\/h2>\t\t\t\t<\/div>\n\t\t\t\t<\/div>\n\t\t\t\t<div class=\"elementor-element elementor-element-5a15a7c elementor-widget elementor-widget-text-editor\" data-id=\"5a15a7c\" data-element_type=\"widget\" data-e-type=\"widget\" data-widget_type=\"text-editor.default\">\n\t\t\t\t<div class=\"elementor-widget-container\">\n\t\t\t\t\t\t\t\t\t<ul>\n<li>Kayak<\/li>\n<li>Paddle Boards<\/li>\n<\/ul>\n\t\t\t\t\t\t\t\t<\/div>\n\t\t\t\t<\/div>\n\t\t\t\t<\/div>\n\t\t<div class=\"elementor-element elementor-element-0074acf e-con-full e-flex e-con e-child\" data-id=\"0074acf\" data-element_type=\"container\" data-e-type=\"container\" data-settings=\"{&quot;background_background&quot;:&quot;classic&quot;}\">\n\t\t\t\t<div class=\"elementor-element elementor-element-e03a217 elementor-widget elementor-widget-text-editor\" data-id=\"e03a217\" data-element_type=\"widget\" data-e-type=\"widget\" data-widget_type=\"text-editor.default\">\n\t\t\t\t<div class=\"elementor-widget-container\">\n\t\t\t\t\t\t\t\t\t<h3>TOUR P\u00daBLICO<\/h3><p>CHECK-IN: 7:15 am<br \/>SALIDA: 7:45 am<br \/>REGRESO AL MUELLE: 3:45 pm<\/p><p><b>TARIFA<br \/><\/b>Adultos: $150 + Impuestos<br \/>Ni\u00f1os 4-13 a\u00f1os: $123 + Impuestos<br \/>Ni\u00f1os menores de 3 a\u00f1os no pagan.<\/p><p>\u00a0<\/p>\t\t\t\t\t\t\t\t<\/div>\n\t\t\t\t<\/div>\n\t\t\t\t<div class=\"elementor-element elementor-element-9b8646f elementor-align-center elementor-mobile-align-center elementor-widget elementor-widget-button\" data-id=\"9b8646f\" data-element_type=\"widget\" data-e-type=\"widget\" data-widget_type=\"button.default\">\n\t\t\t\t<div class=\"elementor-widget-container\">\n\t\t\t\t\t\t\t\t\t<div class=\"elementor-button-wrapper\">\n\t\t\t\t\t<a class=\"elementor-button elementor-button-link elementor-size-sm elementor-animation-grow\" href=\"https:\/\/book.peek.com\/s\/1e7840b7-ba4e-4303-8132-d06fdc564600\/mvb4L\" target=\"_blank\" rel=\"noopener\">\n\t\t\t\t\t\t<span class=\"elementor-button-content-wrapper\">\n\t\t\t\t\t\t\t\t\t<span class=\"elementor-button-text\">RESERVAR AHORA<\/span>\n\t\t\t\t\t<\/span>\n\t\t\t\t\t<\/a>\n\t\t\t\t<\/div>\n\t\t\t\t\t\t\t\t<\/div>\n\t\t\t\t<\/div>\n\t\t\t\t<div class=\"elementor-element elementor-element-5f62304 elementor-widget elementor-widget-gallery\" data-id=\"5f62304\" data-element_type=\"widget\" data-e-type=\"widget\" data-settings=\"{&quot;columns&quot;:3,&quot;gap&quot;:{&quot;unit&quot;:&quot;px&quot;,&quot;size&quot;:2,&quot;sizes&quot;:[]},&quot;aspect_ratio&quot;:&quot;1:1&quot;,&quot;columns_mobile&quot;:2,&quot;lazyload&quot;:&quot;yes&quot;,&quot;gallery_layout&quot;:&quot;grid&quot;,&quot;columns_tablet&quot;:2,&quot;gap_tablet&quot;:{&quot;unit&quot;:&quot;px&quot;,&quot;size&quot;:10,&quot;sizes&quot;:[]},&quot;gap_mobile&quot;:{&quot;unit&quot;:&quot;px&quot;,&quot;size&quot;:10,&quot;sizes&quot;:[]},&quot;link_to&quot;:&quot;file&quot;,&quot;overlay_background&quot;:&quot;yes&quot;,&quot;content_hover_animation&quot;:&quot;fade-in&quot;}\" data-widget_type=\"gallery.default\">\n\t\t\t\t<div class=\"elementor-widget-container\">\n\t\t\t\t\t\t\t<div class=\"elementor-gallery__container\">\n\t\t\t\t\t\t\t<a class=\"e-gallery-item elementor-gallery-item elementor-animated-content\" href=\"https:\/\/costacatcruises.com\/wp-content\/uploads\/2024\/04\/costa-cat-tortuga-island-private-tours-cpublic-tour-1.jpg\" data-elementor-open-lightbox=\"yes\" data-elementor-lightbox-slideshow=\"5f62304\" data-elementor-lightbox-title=\"costa cat-tortuga island-private tours-cpublic tour-1\" data-e-action-hash=\"#elementor-action%3Aaction%3Dlightbox%26settings%3DeyJpZCI6NjMwMywidXJsIjoiaHR0cHM6XC9cL2Nvc3RhY2F0Y3J1aXNlcy5jb21cL3dwLWNvbnRlbnRcL3VwbG9hZHNcLzIwMjRcLzA0XC9jb3N0YS1jYXQtdG9ydHVnYS1pc2xhbmQtcHJpdmF0ZS10b3Vycy1jcHVibGljLXRvdXItMS5qcGciLCJzbGlkZXNob3ciOiI1ZjYyMzA0In0%3D\">\n\t\t\t\t\t<div class=\"e-gallery-image elementor-gallery-item__image\" data-thumbnail=\"https:\/\/costacatcruises.com\/wp-content\/uploads\/2024\/04\/costa-cat-tortuga-island-private-tours-cpublic-tour-1-300x190.jpg\" data-width=\"300\" data-height=\"190\" aria-label=\"\" role=\"img\" ><\/div>\n\t\t\t\t\t\t\t\t\t\t\t<div class=\"elementor-gallery-item__overlay\"><\/div>\n\t\t\t\t\t\t\t\t\t\t\t\t\t\t<\/a>\n\t\t\t\t\t\t\t<a class=\"e-gallery-item elementor-gallery-item elementor-animated-content\" href=\"https:\/\/costacatcruises.com\/wp-content\/uploads\/2024\/04\/costa-cat-tortuga-island-private-tours-cpublic-tour-2.jpg\" data-elementor-open-lightbox=\"yes\" data-elementor-lightbox-slideshow=\"5f62304\" data-elementor-lightbox-title=\"costa cat-tortuga island-private tours-cpublic tour-2\" data-e-action-hash=\"#elementor-action%3Aaction%3Dlightbox%26settings%3DeyJpZCI6NjMwNSwidXJsIjoiaHR0cHM6XC9cL2Nvc3RhY2F0Y3J1aXNlcy5jb21cL3dwLWNvbnRlbnRcL3VwbG9hZHNcLzIwMjRcLzA0XC9jb3N0YS1jYXQtdG9ydHVnYS1pc2xhbmQtcHJpdmF0ZS10b3Vycy1jcHVibGljLXRvdXItMi5qcGciLCJzbGlkZXNob3ciOiI1ZjYyMzA0In0%3D\">\n\t\t\t\t\t<div class=\"e-gallery-image elementor-gallery-item__image\" data-thumbnail=\"https:\/\/costacatcruises.com\/wp-content\/uploads\/2024\/04\/costa-cat-tortuga-island-private-tours-cpublic-tour-2-300x190.jpg\" data-width=\"300\" data-height=\"190\" aria-label=\"\" role=\"img\" ><\/div>\n\t\t\t\t\t\t\t\t\t\t\t<div class=\"elementor-gallery-item__overlay\"><\/div>\n\t\t\t\t\t\t\t\t\t\t\t\t\t\t<\/a>\n\t\t\t\t\t\t\t<a class=\"e-gallery-item elementor-gallery-item elementor-animated-content\" href=\"https:\/\/costacatcruises.com\/wp-content\/uploads\/2024\/04\/costa-cat-tortuga-island-private-tours-cpublic-tour-3.jpg\" data-elementor-open-lightbox=\"yes\" data-elementor-lightbox-slideshow=\"5f62304\" data-elementor-lightbox-title=\"costa cat-tortuga island-private tours-cpublic tour-3\" data-e-action-hash=\"#elementor-action%3Aaction%3Dlightbox%26settings%3DeyJpZCI6NjMwNywidXJsIjoiaHR0cHM6XC9cL2Nvc3RhY2F0Y3J1aXNlcy5jb21cL3dwLWNvbnRlbnRcL3VwbG9hZHNcLzIwMjRcLzA0XC9jb3N0YS1jYXQtdG9ydHVnYS1pc2xhbmQtcHJpdmF0ZS10b3Vycy1jcHVibGljLXRvdXItMy5qcGciLCJzbGlkZXNob3ciOiI1ZjYyMzA0In0%3D\">\n\t\t\t\t\t<div class=\"e-gallery-image elementor-gallery-item__image\" data-thumbnail=\"https:\/\/costacatcruises.com\/wp-content\/uploads\/2024\/04\/costa-cat-tortuga-island-private-tours-cpublic-tour-3-300x190.jpg\" data-width=\"300\" data-height=\"190\" aria-label=\"\" role=\"img\" ><\/div>\n\t\t\t\t\t\t\t\t\t\t\t<div class=\"elementor-gallery-item__overlay\"><\/div>\n\t\t\t\t\t\t\t\t\t\t\t\t\t\t<\/a>\n\t\t\t\t\t\t\t<a class=\"e-gallery-item elementor-gallery-item elementor-animated-content\" href=\"https:\/\/costacatcruises.com\/wp-content\/uploads\/2024\/04\/costa-cat-tortuga-island-private-tours-cpublic-tour-4.jpg\" data-elementor-open-lightbox=\"yes\" data-elementor-lightbox-slideshow=\"5f62304\" data-elementor-lightbox-title=\"costa cat-tortuga island-private tours-cpublic tour-4\" data-e-action-hash=\"#elementor-action%3Aaction%3Dlightbox%26settings%3DeyJpZCI6NjMwOSwidXJsIjoiaHR0cHM6XC9cL2Nvc3RhY2F0Y3J1aXNlcy5jb21cL3dwLWNvbnRlbnRcL3VwbG9hZHNcLzIwMjRcLzA0XC9jb3N0YS1jYXQtdG9ydHVnYS1pc2xhbmQtcHJpdmF0ZS10b3Vycy1jcHVibGljLXRvdXItNC5qcGciLCJzbGlkZXNob3ciOiI1ZjYyMzA0In0%3D\">\n\t\t\t\t\t<div class=\"e-gallery-image elementor-gallery-item__image\" data-thumbnail=\"https:\/\/costacatcruises.com\/wp-content\/uploads\/2024\/04\/costa-cat-tortuga-island-private-tours-cpublic-tour-4-300x190.jpg\" data-width=\"300\" data-height=\"190\" aria-label=\"\" role=\"img\" ><\/div>\n\t\t\t\t\t\t\t\t\t\t\t<div class=\"elementor-gallery-item__overlay\"><\/div>\n\t\t\t\t\t\t\t\t\t\t\t\t\t\t<\/a>\n\t\t\t\t\t\t\t<a class=\"e-gallery-item elementor-gallery-item elementor-animated-content\" href=\"https:\/\/costacatcruises.com\/wp-content\/uploads\/2024\/04\/costa-cat-tortuga-island-private-tours-cpublic-tour-5.jpg\" data-elementor-open-lightbox=\"yes\" data-elementor-lightbox-slideshow=\"5f62304\" data-elementor-lightbox-title=\"costa cat-tortuga island-private tours-cpublic tour-5\" data-e-action-hash=\"#elementor-action%3Aaction%3Dlightbox%26settings%3DeyJpZCI6NjMxMSwidXJsIjoiaHR0cHM6XC9cL2Nvc3RhY2F0Y3J1aXNlcy5jb21cL3dwLWNvbnRlbnRcL3VwbG9hZHNcLzIwMjRcLzA0XC9jb3N0YS1jYXQtdG9ydHVnYS1pc2xhbmQtcHJpdmF0ZS10b3Vycy1jcHVibGljLXRvdXItNS5qcGciLCJzbGlkZXNob3ciOiI1ZjYyMzA0In0%3D\">\n\t\t\t\t\t<div class=\"e-gallery-image elementor-gallery-item__image\" data-thumbnail=\"https:\/\/costacatcruises.com\/wp-content\/uploads\/2024\/04\/costa-cat-tortuga-island-private-tours-cpublic-tour-5-300x190.jpg\" data-width=\"300\" data-height=\"190\" aria-label=\"\" role=\"img\" ><\/div>\n\t\t\t\t\t\t\t\t\t\t\t<div class=\"elementor-gallery-item__overlay\"><\/div>\n\t\t\t\t\t\t\t\t\t\t\t\t\t\t<\/a>\n\t\t\t\t\t\t\t<a class=\"e-gallery-item elementor-gallery-item elementor-animated-content\" href=\"https:\/\/costacatcruises.com\/wp-content\/uploads\/2024\/04\/costa-cat-tortuga-island-private-tours-cpublic-tour-6.jpg\" data-elementor-open-lightbox=\"yes\" data-elementor-lightbox-slideshow=\"5f62304\" data-elementor-lightbox-title=\"costa cat-tortuga island-private tours-cpublic tour-6\" data-e-action-hash=\"#elementor-action%3Aaction%3Dlightbox%26settings%3DeyJpZCI6NjMxMywidXJsIjoiaHR0cHM6XC9cL2Nvc3RhY2F0Y3J1aXNlcy5jb21cL3dwLWNvbnRlbnRcL3VwbG9hZHNcLzIwMjRcLzA0XC9jb3N0YS1jYXQtdG9ydHVnYS1pc2xhbmQtcHJpdmF0ZS10b3Vycy1jcHVibGljLXRvdXItNi5qcGciLCJzbGlkZXNob3ciOiI1ZjYyMzA0In0%3D\">\n\t\t\t\t\t<div class=\"e-gallery-image elementor-gallery-item__image\" data-thumbnail=\"https:\/\/costacatcruises.com\/wp-content\/uploads\/2024\/04\/costa-cat-tortuga-island-private-tours-cpublic-tour-6-300x190.jpg\" data-width=\"300\" data-height=\"190\" aria-label=\"\" role=\"img\" ><\/div>\n\t\t\t\t\t\t\t\t\t\t\t<div class=\"elementor-gallery-item__overlay\"><\/div>\n\t\t\t\t\t\t\t\t\t\t\t\t\t\t<\/a>\n\t\t\t\t\t<\/div>\n\t\t\t\t\t<\/div>\n\t\t\t\t<\/div>\n\t\t\t\t<div class=\"elementor-element elementor-element-7ea5f57 elementor-widget elementor-widget-video\" data-id=\"7ea5f57\" data-element_type=\"widget\" data-e-type=\"widget\" data-settings=\"{&quot;youtube_url&quot;:&quot;https:\\\/\\\/youtu.be\\\/gY6YxJKPHTI?si=aJZNHrj-hV0RwOpH&quot;,&quot;video_type&quot;:&quot;youtube&quot;,&quot;controls&quot;:&quot;yes&quot;}\" data-widget_type=\"video.default\">\n\t\t\t\t<div class=\"elementor-widget-container\">\n\t\t\t\t\t\t\t<div class=\"elementor-wrapper elementor-open-inline\">\n\t\t\t<div class=\"elementor-video\"><\/div>\t\t<\/div>\n\t\t\t\t\t\t<\/div>\n\t\t\t\t<\/div>\n\t\t\t\t<\/div>\n\t\t\t\t<\/div>\n\t\t\t\t<\/div>\n\t\t\t\t\t<\/div>\n\t\t\t\t<\/div>\n\t\t<div class=\"elementor-element elementor-element-7138a4e e-flex e-con-boxed e-con e-parent\" data-id=\"7138a4e\" data-element_type=\"container\" data-e-type=\"container\">\n\t\t\t\t\t<div class=\"e-con-inner\">\n\t\t<div class=\"elementor-element elementor-element-aed979c e-con-full e-flex e-con e-child\" data-id=\"aed979c\" data-element_type=\"container\" data-e-type=\"container\">\n\t\t<div class=\"elementor-element elementor-element-3aa5866 e-con-full e-flex e-con e-child\" data-id=\"3aa5866\" data-element_type=\"container\" data-e-type=\"container\" data-settings=\"{&quot;background_background&quot;:&quot;classic&quot;}\">\n\t\t\t\t<div class=\"elementor-element elementor-element-9e671dd elementor-widget elementor-widget-image\" data-id=\"9e671dd\" data-element_type=\"widget\" data-e-type=\"widget\" data-widget_type=\"image.default\">\n\t\t\t\t<div class=\"elementor-widget-container\">\n\t\t\t\t\t\t\t\t\t\t\t\t\t\t\t<img fetchpriority=\"high\" decoding=\"async\" width=\"331\" height=\"331\" src=\"https:\/\/costacatcruises.com\/wp-content\/uploads\/2024\/08\/google-logo.png\" class=\"attachment-large size-large wp-image-7689\" alt=\"\" srcset=\"https:\/\/costacatcruises.com\/wp-content\/uploads\/2024\/08\/google-logo.png 331w, https:\/\/costacatcruises.com\/wp-content\/uploads\/2024\/08\/google-logo-300x300.png 300w, https:\/\/costacatcruises.com\/wp-content\/uploads\/2024\/08\/google-logo-150x150.png 150w\" sizes=\"(max-width: 331px) 100vw, 331px\" \/>\t\t\t\t\t\t\t\t\t\t\t\t\t\t\t<\/div>\n\t\t\t\t<\/div>\n\t\t\t\t<\/div>\n\t\t\t\t<\/div>\n\t\t<div class=\"elementor-element elementor-element-0543b3b e-con-full e-flex e-con e-child\" data-id=\"0543b3b\" data-element_type=\"container\" data-e-type=\"container\">\n\t\t\t\t<div class=\"elementor-element elementor-element-4c2ed02 elementor-widget elementor-widget-image\" data-id=\"4c2ed02\" data-element_type=\"widget\" data-e-type=\"widget\" data-widget_type=\"image.default\">\n\t\t\t\t<div class=\"elementor-widget-container\">\n\t\t\t\t\t\t\t\t\t\t\t\t\t\t\t<img decoding=\"async\" width=\"240\" height=\"300\" src=\"https:\/\/costacatcruises.com\/wp-content\/uploads\/2024\/07\/Trip-Advisor-Travellers-Choice-1-240x300.png\" class=\"attachment-medium size-medium wp-image-7141\" alt=\"\" srcset=\"https:\/\/costacatcruises.com\/wp-content\/uploads\/2024\/07\/Trip-Advisor-Travellers-Choice-1-240x300.png 240w, https:\/\/costacatcruises.com\/wp-content\/uploads\/2024\/07\/Trip-Advisor-Travellers-Choice-1.png 300w\" sizes=\"(max-width: 240px) 100vw, 240px\" \/>\t\t\t\t\t\t\t\t\t\t\t\t\t\t\t<\/div>\n\t\t\t\t<\/div>\n\t\t\t\t<\/div>\n\t\t\t\t\t<\/div>\n\t\t\t\t<\/div>\n\t\t\t\t<\/div>\n\t\t","protected":false},"excerpt":{"rendered":"<p>TOUR P\u00daBLICO Isla Tortuga Perm\u00edtanos superar sus expectativas en esta incre\u00edble excursi\u00f3n de d\u00eda completo a Isla Tortuga. Comience su viaje con nosotros desde la clase mundial Los Sue\u00f1os Resort &amp; Marina, convenientemente situado a s\u00f3lo 10 minutos en coche del centro de Jaco, y un f\u00e1cil 1 hora y 15 minutos en coche del [&hellip;]<\/p>\n","protected":false},"author":1,"featured_media":0,"parent":0,"menu_order":0,"comment_status":"closed","ping_status":"closed","template":"elementor_header_footer","meta":{"footnotes":""},"class_list":["post-3677","page","type-page","status-publish","hentry"],"_links":{"self":[{"href":"https:\/\/costacatcruises.com\/es\/wp-json\/wp\/v2\/pages\/3677","targetHints":{"allow":["GET"]}}],"collection":[{"href":"https:\/\/costacatcruises.com\/es\/wp-json\/wp\/v2\/pages"}],"about":[{"href":"https:\/\/costacatcruises.com\/es\/wp-json\/wp\/v2\/types\/page"}],"author":[{"embeddable":true,"href":"https:\/\/costacatcruises.com\/es\/wp-json\/wp\/v2\/users\/1"}],"replies":[{"embeddable":true,"href":"https:\/\/costacatcruises.com\/es\/wp-json\/wp\/v2\/comments?post=3677"}],"version-history":[{"count":6,"href":"https:\/\/costacatcruises.com\/es\/wp-json\/wp\/v2\/pages\/3677\/revisions"}],"predecessor-version":[{"id":8967,"href":"https:\/\/costacatcruises.com\/es\/wp-json\/wp\/v2\/pages\/3677\/revisions\/8967"}],"wp:attachment":[{"href":"https:\/\/costacatcruises.com\/es\/wp-json\/wp\/v2\/media?parent=3677"}],"curies":[{"name":"wp","href":"https:\/\/api.w.org\/{rel}","templated":true}]}}