{"id":3659,"date":"2021-03-25T14:41:20","date_gmt":"2021-03-25T20:41:20","guid":{"rendered":"https:\/\/costacatcruises.com\/staging\/sobre\/"},"modified":"2024-04-22T17:21:42","modified_gmt":"2024-04-22T23:21:42","slug":"sobre-costacat","status":"publish","type":"page","link":"https:\/\/costacatcruises.com\/es\/sobre-costacat\/","title":{"rendered":"Sobre CostaCat"},"content":{"rendered":"\t\t<div data-elementor-type=\"wp-post\" data-elementor-id=\"3659\" class=\"elementor elementor-3659 elementor-11\" data-elementor-post-type=\"page\">\n\t\t\t\t\t\t<section class=\"elementor-section elementor-top-section elementor-element elementor-element-8633beb elementor-section-boxed elementor-section-height-default elementor-section-height-default\" data-id=\"8633beb\" data-element_type=\"section\" data-e-type=\"section\">\n\t\t\t\t\t\t<div class=\"elementor-container elementor-column-gap-default\">\n\t\t\t\t\t<div class=\"elementor-column elementor-col-50 elementor-top-column elementor-element elementor-element-06cc31b\" data-id=\"06cc31b\" data-element_type=\"column\" data-e-type=\"column\">\n\t\t\t<div class=\"elementor-widget-wrap elementor-element-populated\">\n\t\t\t\t\t\t<div class=\"elementor-element elementor-element-f17fad7 elementor-widget elementor-widget-text-editor\" data-id=\"f17fad7\" data-element_type=\"widget\" data-e-type=\"widget\" data-widget_type=\"text-editor.default\">\n\t\t\t\t<div class=\"elementor-widget-container\">\n\t\t\t\t\t\t\t\t\t<div>Nuestro capit\u00e1n Jim Kitchell y su hermano Joe, quieren que todos los hu\u00e9spedes a bordo de nuestros barcos tengan una experiencia segura e inolvidable.<\/div>\n<div><span style=\"color: #134f5c; font-family: arial, helvetica, sans-serif;\">\u00a0<\/span><\/div>\n<div>Actualmente tenemos <strong>dos catamaranes, Costa Cat I y Costa Cat II<\/strong>. Estas embarcaciones costarricenses fueron construidas para cumplir con las especificaciones de seguridad de la USCG (Guardacostas de EE.UU.), y est\u00e1n totalmente aseguradas. Nuestra flota cumple con todos los requisitos de Costa Rica, incluyendo el MOPT y la Declaraci\u00f3n Tur\u00edstica del ICT.<\/div>\n<div><span style=\"color: #134f5c; font-family: arial, helvetica, sans-serif;\">\u00a0<\/span><\/div>\n<div>Adem\u00e1s, el miembro m\u00e1s nuevo de nuestra flota es un<strong> yate cl\u00e1sico a motor Hinckley de 36 pies, The Authentic<\/strong>, que contin\u00faa nuestra tradici\u00f3n de tecnolog\u00eda punta y belleza en el dise\u00f1o.<\/div>\n<div><span style=\"color: #134f5c; font-family: arial, helvetica, sans-serif;\">\u00a0<\/span><\/div>\n<div>En cada una de nuestras excursiones, le acompa\u00f1ar\u00e1n nuestros mejores y m\u00e1s experimentados gu\u00edas, reconocidos por su servicio al cliente de primera categor\u00eda y su conocimiento de la fauna, la historia y la cultura de la zona. Todos los gu\u00edas son biling\u00fces y le asistir\u00e1n a lo largo de su experiencia con nosotros.<\/div>\n\t\t\t\t\t\t\t\t<\/div>\n\t\t\t\t<\/div>\n\t\t\t\t\t<\/div>\n\t\t<\/div>\n\t\t\t\t<div class=\"elementor-column elementor-col-50 elementor-top-column elementor-element elementor-element-c689948\" data-id=\"c689948\" data-element_type=\"column\" data-e-type=\"column\">\n\t\t\t<div class=\"elementor-widget-wrap elementor-element-populated\">\n\t\t\t\t\t\t<div class=\"elementor-element elementor-element-6681c26 elementor-widget elementor-widget-gallery\" data-id=\"6681c26\" data-element_type=\"widget\" data-e-type=\"widget\" data-settings=\"{&quot;columns&quot;:3,&quot;gap&quot;:{&quot;unit&quot;:&quot;px&quot;,&quot;size&quot;:2,&quot;sizes&quot;:[]},&quot;aspect_ratio&quot;:&quot;1:1&quot;,&quot;columns_mobile&quot;:2,&quot;lazyload&quot;:&quot;yes&quot;,&quot;gallery_layout&quot;:&quot;grid&quot;,&quot;columns_tablet&quot;:2,&quot;gap_tablet&quot;:{&quot;unit&quot;:&quot;px&quot;,&quot;size&quot;:10,&quot;sizes&quot;:[]},&quot;gap_mobile&quot;:{&quot;unit&quot;:&quot;px&quot;,&quot;size&quot;:10,&quot;sizes&quot;:[]},&quot;link_to&quot;:&quot;file&quot;,&quot;overlay_background&quot;:&quot;yes&quot;,&quot;content_hover_animation&quot;:&quot;fade-in&quot;}\" data-widget_type=\"gallery.default\">\n\t\t\t\t<div class=\"elementor-widget-container\">\n\t\t\t\t\t\t\t<div class=\"elementor-gallery__container\">\n\t\t\t\t\t\t\t<a class=\"e-gallery-item elementor-gallery-item elementor-animated-content\" href=\"https:\/\/costacatcruises.com\/wp-content\/uploads\/2024\/04\/costa-cat-tortuga-island-boats-and-crew-1.jpg\" data-elementor-open-lightbox=\"yes\" data-elementor-lightbox-slideshow=\"6681c26\" data-elementor-lightbox-title=\"costa cat-tortuga island-boats and crew-1\" data-e-action-hash=\"#elementor-action%3Aaction%3Dlightbox%26settings%3DeyJpZCI6NjIzNywidXJsIjoiaHR0cHM6XC9cL2Nvc3RhY2F0Y3J1aXNlcy5jb21cL3dwLWNvbnRlbnRcL3VwbG9hZHNcLzIwMjRcLzA0XC9jb3N0YS1jYXQtdG9ydHVnYS1pc2xhbmQtYm9hdHMtYW5kLWNyZXctMS5qcGciLCJzbGlkZXNob3ciOiI2NjgxYzI2In0%3D\">\n\t\t\t\t\t<div class=\"e-gallery-image elementor-gallery-item__image\" data-thumbnail=\"https:\/\/costacatcruises.com\/wp-content\/uploads\/2024\/04\/costa-cat-tortuga-island-boats-and-crew-1-300x179.jpg\" data-width=\"300\" data-height=\"179\" aria-label=\"\" role=\"img\" ><\/div>\n\t\t\t\t\t\t\t\t\t\t\t<div class=\"elementor-gallery-item__overlay\"><\/div>\n\t\t\t\t\t\t\t\t\t\t\t\t\t\t<\/a>\n\t\t\t\t\t\t\t<a class=\"e-gallery-item elementor-gallery-item elementor-animated-content\" href=\"https:\/\/costacatcruises.com\/wp-content\/uploads\/2024\/04\/costa-cat-tortuga-island-boats-and-crew-2.jpg\" data-elementor-open-lightbox=\"yes\" data-elementor-lightbox-slideshow=\"6681c26\" data-elementor-lightbox-title=\"costa cat-tortuga island-boats and crew-2\" data-e-action-hash=\"#elementor-action%3Aaction%3Dlightbox%26settings%3DeyJpZCI6NjIzOSwidXJsIjoiaHR0cHM6XC9cL2Nvc3RhY2F0Y3J1aXNlcy5jb21cL3dwLWNvbnRlbnRcL3VwbG9hZHNcLzIwMjRcLzA0XC9jb3N0YS1jYXQtdG9ydHVnYS1pc2xhbmQtYm9hdHMtYW5kLWNyZXctMi5qcGciLCJzbGlkZXNob3ciOiI2NjgxYzI2In0%3D\">\n\t\t\t\t\t<div class=\"e-gallery-image elementor-gallery-item__image\" data-thumbnail=\"https:\/\/costacatcruises.com\/wp-content\/uploads\/2024\/04\/costa-cat-tortuga-island-boats-and-crew-2-300x179.jpg\" data-width=\"300\" data-height=\"179\" aria-label=\"\" role=\"img\" ><\/div>\n\t\t\t\t\t\t\t\t\t\t\t<div class=\"elementor-gallery-item__overlay\"><\/div>\n\t\t\t\t\t\t\t\t\t\t\t\t\t\t<\/a>\n\t\t\t\t\t\t\t<a class=\"e-gallery-item elementor-gallery-item elementor-animated-content\" href=\"https:\/\/costacatcruises.com\/wp-content\/uploads\/2024\/04\/costa-cat-tortuga-island-boats-and-crew-3.jpg\" data-elementor-open-lightbox=\"yes\" data-elementor-lightbox-slideshow=\"6681c26\" data-elementor-lightbox-title=\"costa cat-tortuga island-boats and crew-3\" data-e-action-hash=\"#elementor-action%3Aaction%3Dlightbox%26settings%3DeyJpZCI6NjI0MSwidXJsIjoiaHR0cHM6XC9cL2Nvc3RhY2F0Y3J1aXNlcy5jb21cL3dwLWNvbnRlbnRcL3VwbG9hZHNcLzIwMjRcLzA0XC9jb3N0YS1jYXQtdG9ydHVnYS1pc2xhbmQtYm9hdHMtYW5kLWNyZXctMy5qcGciLCJzbGlkZXNob3ciOiI2NjgxYzI2In0%3D\">\n\t\t\t\t\t<div class=\"e-gallery-image elementor-gallery-item__image\" data-thumbnail=\"https:\/\/costacatcruises.com\/wp-content\/uploads\/2024\/04\/costa-cat-tortuga-island-boats-and-crew-3-300x179.jpg\" data-width=\"300\" data-height=\"179\" aria-label=\"\" role=\"img\" ><\/div>\n\t\t\t\t\t\t\t\t\t\t\t<div class=\"elementor-gallery-item__overlay\"><\/div>\n\t\t\t\t\t\t\t\t\t\t\t\t\t\t<\/a>\n\t\t\t\t\t\t\t<a class=\"e-gallery-item elementor-gallery-item elementor-animated-content\" href=\"https:\/\/costacatcruises.com\/wp-content\/uploads\/2024\/04\/costa-cat-tortuga-island-boats-and-crew-4.jpg\" data-elementor-open-lightbox=\"yes\" data-elementor-lightbox-slideshow=\"6681c26\" data-elementor-lightbox-title=\"costa cat-tortuga island-boats and crew-4\" data-e-action-hash=\"#elementor-action%3Aaction%3Dlightbox%26settings%3DeyJpZCI6NjI0MywidXJsIjoiaHR0cHM6XC9cL2Nvc3RhY2F0Y3J1aXNlcy5jb21cL3dwLWNvbnRlbnRcL3VwbG9hZHNcLzIwMjRcLzA0XC9jb3N0YS1jYXQtdG9ydHVnYS1pc2xhbmQtYm9hdHMtYW5kLWNyZXctNC5qcGciLCJzbGlkZXNob3ciOiI2NjgxYzI2In0%3D\">\n\t\t\t\t\t<div class=\"e-gallery-image elementor-gallery-item__image\" data-thumbnail=\"https:\/\/costacatcruises.com\/wp-content\/uploads\/2024\/04\/costa-cat-tortuga-island-boats-and-crew-4-300x179.jpg\" data-width=\"300\" data-height=\"179\" aria-label=\"\" role=\"img\" ><\/div>\n\t\t\t\t\t\t\t\t\t\t\t<div class=\"elementor-gallery-item__overlay\"><\/div>\n\t\t\t\t\t\t\t\t\t\t\t\t\t\t<\/a>\n\t\t\t\t\t\t\t<a class=\"e-gallery-item elementor-gallery-item elementor-animated-content\" href=\"https:\/\/costacatcruises.com\/wp-content\/uploads\/2024\/04\/costa-cat-tortuga-island-boats-and-crew-5.jpg\" data-elementor-open-lightbox=\"yes\" data-elementor-lightbox-slideshow=\"6681c26\" data-elementor-lightbox-title=\"costa cat-tortuga island-boats and crew-5\" data-e-action-hash=\"#elementor-action%3Aaction%3Dlightbox%26settings%3DeyJpZCI6NjI0NSwidXJsIjoiaHR0cHM6XC9cL2Nvc3RhY2F0Y3J1aXNlcy5jb21cL3dwLWNvbnRlbnRcL3VwbG9hZHNcLzIwMjRcLzA0XC9jb3N0YS1jYXQtdG9ydHVnYS1pc2xhbmQtYm9hdHMtYW5kLWNyZXctNS5qcGciLCJzbGlkZXNob3ciOiI2NjgxYzI2In0%3D\">\n\t\t\t\t\t<div class=\"e-gallery-image elementor-gallery-item__image\" data-thumbnail=\"https:\/\/costacatcruises.com\/wp-content\/uploads\/2024\/04\/costa-cat-tortuga-island-boats-and-crew-5-300x179.jpg\" data-width=\"300\" data-height=\"179\" aria-label=\"\" role=\"img\" ><\/div>\n\t\t\t\t\t\t\t\t\t\t\t<div class=\"elementor-gallery-item__overlay\"><\/div>\n\t\t\t\t\t\t\t\t\t\t\t\t\t\t<\/a>\n\t\t\t\t\t\t\t<a class=\"e-gallery-item elementor-gallery-item elementor-animated-content\" href=\"https:\/\/costacatcruises.com\/wp-content\/uploads\/2024\/04\/costa-cat-tortuga-island-boats-and-crew-6.jpg\" data-elementor-open-lightbox=\"yes\" data-elementor-lightbox-slideshow=\"6681c26\" data-elementor-lightbox-title=\"costa cat-tortuga island-boats and crew-6\" data-e-action-hash=\"#elementor-action%3Aaction%3Dlightbox%26settings%3DeyJpZCI6NjI0NywidXJsIjoiaHR0cHM6XC9cL2Nvc3RhY2F0Y3J1aXNlcy5jb21cL3dwLWNvbnRlbnRcL3VwbG9hZHNcLzIwMjRcLzA0XC9jb3N0YS1jYXQtdG9ydHVnYS1pc2xhbmQtYm9hdHMtYW5kLWNyZXctNi5qcGciLCJzbGlkZXNob3ciOiI2NjgxYzI2In0%3D\">\n\t\t\t\t\t<div class=\"e-gallery-image elementor-gallery-item__image\" data-thumbnail=\"https:\/\/costacatcruises.com\/wp-content\/uploads\/2024\/04\/costa-cat-tortuga-island-boats-and-crew-6-300x179.jpg\" data-width=\"300\" data-height=\"179\" aria-label=\"\" role=\"img\" ><\/div>\n\t\t\t\t\t\t\t\t\t\t\t<div class=\"elementor-gallery-item__overlay\"><\/div>\n\t\t\t\t\t\t\t\t\t\t\t\t\t\t<\/a>\n\t\t\t\t\t<\/div>\n\t\t\t\t\t<\/div>\n\t\t\t\t<\/div>\n\t\t\t\t\t<\/div>\n\t\t<\/div>\n\t\t\t\t\t<\/div>\n\t\t<\/section>\n\t\t\t\t<section class=\"elementor-section elementor-top-section elementor-element elementor-element-27b29e3 elementor-section-full_width elementor-section-height-default elementor-section-height-default\" data-id=\"27b29e3\" data-element_type=\"section\" data-e-type=\"section\">\n\t\t\t\t\t\t<div class=\"elementor-container elementor-column-gap-default\">\n\t\t\t\t\t<div class=\"elementor-column elementor-col-100 elementor-top-column elementor-element elementor-element-9d080f4\" data-id=\"9d080f4\" data-element_type=\"column\" data-e-type=\"column\">\n\t\t\t<div class=\"elementor-widget-wrap elementor-element-populated\">\n\t\t\t\t\t\t<div class=\"elementor-element elementor-element-d7a674d elementor-widget elementor-widget-image\" data-id=\"d7a674d\" data-element_type=\"widget\" data-e-type=\"widget\" data-widget_type=\"image.default\">\n\t\t\t\t<div class=\"elementor-widget-container\">\n\t\t\t\t\t\t\t\t\t\t\t\t\t\t\t<img fetchpriority=\"high\" decoding=\"async\" width=\"2048\" height=\"614\" src=\"https:\/\/costacatcruises.com\/wp-content\/uploads\/2024\/01\/costacat-costarica-tour-isla-tortuga-banner-catamaran-back.jpg\" class=\"attachment-full size-full wp-image-5238\" alt=\"\" srcset=\"https:\/\/costacatcruises.com\/wp-content\/uploads\/2024\/01\/costacat-costarica-tour-isla-tortuga-banner-catamaran-back.jpg 2048w, https:\/\/costacatcruises.com\/wp-content\/uploads\/2024\/01\/costacat-costarica-tour-isla-tortuga-banner-catamaran-back-300x90.jpg 300w, https:\/\/costacatcruises.com\/wp-content\/uploads\/2024\/01\/costacat-costarica-tour-isla-tortuga-banner-catamaran-back-1024x307.jpg 1024w, https:\/\/costacatcruises.com\/wp-content\/uploads\/2024\/01\/costacat-costarica-tour-isla-tortuga-banner-catamaran-back-768x230.jpg 768w, https:\/\/costacatcruises.com\/wp-content\/uploads\/2024\/01\/costacat-costarica-tour-isla-tortuga-banner-catamaran-back-1536x461.jpg 1536w\" sizes=\"(max-width: 2048px) 100vw, 2048px\" \/>\t\t\t\t\t\t\t\t\t\t\t\t\t\t\t<\/div>\n\t\t\t\t<\/div>\n\t\t\t\t\t<\/div>\n\t\t<\/div>\n\t\t\t\t\t<\/div>\n\t\t<\/section>\n\t\t\t\t<\/div>\n\t\t","protected":false},"excerpt":{"rendered":"<p>Nuestro capit\u00e1n Jim Kitchell y su hermano Joe, quieren que todos los hu\u00e9spedes a bordo de nuestros barcos tengan una experiencia segura e inolvidable. \u00a0 Actualmente tenemos dos catamaranes, Costa Cat I y Costa Cat II. Estas embarcaciones costarricenses fueron construidas para cumplir con las especificaciones de seguridad de la USCG (Guardacostas de EE.UU.), y [&hellip;]<\/p>\n","protected":false},"author":1,"featured_media":0,"parent":0,"menu_order":0,"comment_status":"closed","ping_status":"closed","template":"elementor_header_footer","meta":{"footnotes":""},"class_list":["post-3659","page","type-page","status-publish","hentry"],"_links":{"self":[{"href":"https:\/\/costacatcruises.com\/es\/wp-json\/wp\/v2\/pages\/3659","targetHints":{"allow":["GET"]}}],"collection":[{"href":"https:\/\/costacatcruises.com\/es\/wp-json\/wp\/v2\/pages"}],"about":[{"href":"https:\/\/costacatcruises.com\/es\/wp-json\/wp\/v2\/types\/page"}],"author":[{"embeddable":true,"href":"https:\/\/costacatcruises.com\/es\/wp-json\/wp\/v2\/users\/1"}],"replies":[{"embeddable":true,"href":"https:\/\/costacatcruises.com\/es\/wp-json\/wp\/v2\/comments?post=3659"}],"version-history":[{"count":0,"href":"https:\/\/costacatcruises.com\/es\/wp-json\/wp\/v2\/pages\/3659\/revisions"}],"wp:attachment":[{"href":"https:\/\/costacatcruises.com\/es\/wp-json\/wp\/v2\/media?parent=3659"}],"curies":[{"name":"wp","href":"https:\/\/api.w.org\/{rel}","templated":true}]}}